{"id":2647,"date":"2016-12-14T17:29:33","date_gmt":"2016-12-14T16:29:33","guid":{"rendered":"https:\/\/www.fetamida.cat\/clientes\/"},"modified":"2018-09-07T17:53:13","modified_gmt":"2018-09-07T15:53:13","slug":"clients","status":"publish","type":"page","link":"https:\/\/www.fetamida.cat\/ca\/clients\/","title":{"rendered":"Clients"},"content":{"rendered":"<p>[et_pb_section fb_built=&#8221;1&#8243; fullwidth=&#8221;on&#8221; custom_padding_last_edited=&#8221;on|desktop&#8221; _builder_version=&#8221;3.0.47&#8243; background_image=&#8221;https:\/\/www.fetamida.cat\/wp-content\/uploads\/2016\/12\/1600x600Pagina-Clientes.jpg&#8221; custom_padding=&#8221;0px|0px|375px|0px&#8221; custom_padding_tablet=&#8221;50px|0|50px|0&#8243; transparent_background=&#8221;off&#8221; padding_mobile=&#8221;off&#8221;][et_pb_fullwidth_post_title title=&#8221;off&#8221; meta=&#8221;off&#8221; featured_image=&#8221;off&#8221; _builder_version=&#8221;3.0.47&#8243; title_all_caps=&#8221;off&#8221; parallax=&#8221;on&#8221; parallax_method=&#8221;off&#8221; parallax_effect=&#8221;on&#8221; use_border_color=&#8221;off&#8221; border_color=&#8221;#ffffff&#8221; border_width=&#8221;1px&#8221; border_style=&#8221;solid&#8221;][\/et_pb_fullwidth_post_title][\/et_pb_section][et_pb_section fb_built=&#8221;1&#8243; admin_label=&#8221;section&#8221; custom_padding_last_edited=&#8221;on|desktop&#8221; _builder_version=&#8221;3.0.47&#8243; custom_padding=&#8221;20px||20px|&#8221; custom_padding_tablet=&#8221;50px|0|50px|0&#8243; transparent_background=&#8221;off&#8221; padding_mobile=&#8221;off&#8221;][et_pb_row custom_padding=&#8221;||0px|&#8221; padding_mobile=&#8221;off&#8221; column_padding_mobile=&#8221;on&#8221; admin_label=&#8221;row&#8221; _builder_version=&#8221;3.0.47&#8243; background_size=&#8221;initial&#8221; background_position=&#8221;top_left&#8221; background_repeat=&#8221;repeat&#8221;][et_pb_column type=&#8221;4_4&#8243; _builder_version=&#8221;3.0.47&#8243; column_padding_mobile=&#8221;on&#8221; parallax=&#8221;off&#8221; parallax_method=&#8221;on&#8221;][et_pb_cta title=&#8221;Els nostres clients&#8221; background_color=&#8221;rgba(255,255,255,0)&#8221; background_layout=&#8221;light&#8221; _builder_version=&#8221;3.0.47&#8243; header_font_size=&#8221;36px&#8221; background_size=&#8221;initial&#8221; background_position=&#8221;top_left&#8221; background_repeat=&#8221;repeat&#8221; custom_margin=&#8221;0px||0px|&#8221; use_border_color=&#8221;off&#8221; border_color=&#8221;#ffffff&#8221; border_width=&#8221;1px&#8221; border_style=&#8221;solid&#8221;]<\/p>\n<h4 style=\"text-align: justify;\">Al llarg de la nostra traject\u00f2ria, hem adaptat la nostra forma de treballar a la demanda sol\u00b7licitada pels nostres clients, tant particulars com empreses. D&#8217;aquesta manera, podem dir que tenim una gran cartera de clients particulars, tant a les prov\u00edncies de Girona com de Barcelona, \u200b\u200bespecialment en les zones de la costa, a m\u00e9s d&#8217;estar en primera l\u00ednia prestant serveis a altres empreses. Amb el pas del temps ens hem especialitzat en la reforma i rehabilitaci\u00f3 d&#8217;hotels, locals d&#8217;entitats banc\u00e0ries i comer\u00e7os, aix\u00ed com en donar servei de reparacions de la llar per a les principals asseguradores de les comarques del Giron\u00e8s, el Baix Empord\u00e0, la Selva i el Maresme.<\/h4>\n<p>[\/et_pb_cta][\/et_pb_column][\/et_pb_row][\/et_pb_section][et_pb_section fb_built=&#8221;1&#8243; background_color=&#8221;#edecec&#8221; admin_label=&#8221;section&#8221; custom_padding_last_edited=&#8221;on|desktop&#8221; _builder_version=&#8221;3.0.47&#8243; custom_padding=&#8221;40px||25px|&#8221; custom_padding_tablet=&#8221;50px|0|50px|0&#8243; transparent_background=&#8221;off&#8221; padding_mobile=&#8221;off&#8221;][et_pb_row custom_padding=&#8221;0px|0px|5px|0px&#8221; padding_mobile=&#8221;off&#8221; custom_margin=&#8221;0px||0px|&#8221; background_color=&#8221;rgba(255,255,255,0)&#8221; column_padding_mobile=&#8221;on&#8221; _builder_version=&#8221;3.0.47&#8243; background_size=&#8221;initial&#8221; background_position=&#8221;top_left&#8221; background_repeat=&#8221;repeat&#8221;][et_pb_column type=&#8221;4_4&#8243; _builder_version=&#8221;3.0.47&#8243; column_padding_mobile=&#8221;on&#8221; parallax=&#8221;off&#8221; parallax_method=&#8221;on&#8221;][et_pb_text _builder_version=&#8221;3.0.47&#8243; background_size=&#8221;initial&#8221; background_position=&#8221;top_left&#8221; background_repeat=&#8221;repeat&#8221; text_orientation=&#8221;center&#8221; module_alignment=&#8221;center&#8221; custom_margin=&#8221;0px||0px|&#8221; use_border_color=&#8221;off&#8221; border_style=&#8221;solid&#8221;]<\/p>\n<h2>Prestem servei a altres empreses del sector de la construcci\u00f3 i reformes:<\/h2>\n<p>[\/et_pb_text][\/et_pb_column][\/et_pb_row][et_pb_row custom_padding=&#8221;20px|||&#8221; padding_mobile=&#8221;off&#8221; column_padding_mobile=&#8221;on&#8221; admin_label=&#8221;row&#8221; _builder_version=&#8221;3.0.47&#8243; background_size=&#8221;initial&#8221; background_position=&#8221;top_left&#8221; background_repeat=&#8221;repeat&#8221;][et_pb_column type=&#8221;1_2&#8243; _builder_version=&#8221;3.0.47&#8243; column_padding_mobile=&#8221;on&#8221; parallax=&#8221;off&#8221; parallax_method=&#8221;on&#8221;][et_pb_text _builder_version=&#8221;3.0.47&#8243; text_font=&#8221;PT Sans||||&#8221; header_font=&#8221;PT Sans||||&#8221; background_size=&#8221;initial&#8221; background_position=&#8221;top_left&#8221; background_repeat=&#8221;repeat&#8221; custom_margin=&#8221;0px|||50px&#8221; use_border_color=&#8221;off&#8221; border_style=&#8221;solid&#8221;]<\/p>\n<ul>\n<li>\n<h4>Fabriquem mobiliari per a estudis de cuines que confien en la nostra experi\u00e8ncia i professionalitat demostrada amb els anys.<\/h4>\n<\/li>\n<li>\n<h4>Subministrem marcs i portes de pas ja mecanitzades per reformistes i constructors que les requereixen en les seves pr\u00f2pies obres.<\/h4>\n<\/li>\n<li>\n<h4>Treballem colze a colze amb decoradors i interioristes que ofereixen la seva experi\u00e8ncia als nostres clients<\/h4>\n<\/li>\n<\/ul>\n<p>[\/et_pb_text][\/et_pb_column][et_pb_column type=&#8221;1_2&#8243; _builder_version=&#8221;3.0.47&#8243; column_padding_mobile=&#8221;on&#8221; parallax=&#8221;off&#8221; parallax_method=&#8221;on&#8221;][et_pb_text _builder_version=&#8221;3.0.47&#8243; text_font=&#8221;PT Sans||||&#8221; header_font=&#8221;PT Sans||||&#8221; background_size=&#8221;initial&#8221; background_position=&#8221;top_left&#8221; background_repeat=&#8221;repeat&#8221; custom_margin=&#8221;0px|||50px&#8221; use_border_color=&#8221;off&#8221; border_style=&#8221;solid&#8221;]<\/p>\n<ul>\n<li>\n<h4>Som col\u00b7laboradors de les principals asseguradores de la llar, havent-nos especialitzat en la reparaci\u00f3 de sinistres dom\u00e8stics (robatoris, fuites d&#8217;aigua, incendis &#8230;)<\/h4>\n<\/li>\n<li>\n<h4>Som especialistes en la reforma de locals comercials d&#8217;oficines banc\u00e0ries i petits comer\u00e7os, respectant sempre la imatge corporativa projectada.<\/h4>\n<\/li>\n<li>\n<h4>Fem reforma integral en fusteria per a hotels i apartaments tur\u00edstics.<\/h4>\n<\/li>\n<\/ul>\n<p>[\/et_pb_text][\/et_pb_column][\/et_pb_row][\/et_pb_section][et_pb_section fb_built=&#8221;1&#8243; background_color=&#8221;rgba(255,255,255,0)&#8221; admin_label=&#8221;section&#8221; custom_padding_last_edited=&#8221;on|desktop&#8221; _builder_version=&#8221;3.0.47&#8243; parallax=&#8221;on&#8221; background_video_width=&#8221;100%&#8221; custom_padding=&#8221;40px|0px|45px|0px&#8221; custom_padding_tablet=&#8221;50px|0|50px|0&#8243; transparent_background=&#8221;off&#8221; padding_mobile=&#8221;off&#8221;][et_pb_row custom_padding=&#8221;NaNpx||0px|&#8221; padding_mobile=&#8221;off&#8221; background_color=&#8221;rgba(255,255,255,0)&#8221; column_padding_mobile=&#8221;on&#8221; admin_label=&#8221;row&#8221; _builder_version=&#8221;3.0.47&#8243; background_size=&#8221;initial&#8221; background_position=&#8221;top_left&#8221; background_repeat=&#8221;repeat&#8221;][et_pb_column type=&#8221;4_4&#8243; _builder_version=&#8221;3.0.47&#8243; column_padding_mobile=&#8221;on&#8221; parallax=&#8221;off&#8221; parallax_method=&#8221;on&#8221;][et_pb_text _builder_version=&#8221;3.0.106&#8243; text_font=&#8221;||||||||&#8221; background_size=&#8221;initial&#8221; background_position=&#8221;top_left&#8221; background_repeat=&#8221;repeat&#8221; text_orientation=&#8221;center&#8221; module_alignment=&#8221;center&#8221; custom_margin=&#8221;0px||0px|&#8221; use_border_color=&#8221;off&#8221;]<\/p>\n<h2>Col\u00b7laboradors:<\/h2>\n<p>[\/et_pb_text][et_pb_gallery gallery_ids=&#8221;3251,3254,3257&#8243; posts_number=&#8221;4&#8243; show_title_and_caption=&#8221;off&#8221; show_pagination=&#8221;off&#8221; _builder_version=&#8221;3.0.106&#8243; pagination_font_size_tablet=&#8221;51&#8243; pagination_line_height_tablet=&#8221;2&#8243; custom_margin=&#8221;|||&#8221; custom_padding=&#8221;5px|5px|5px|5px&#8221;][\/et_pb_gallery][et_pb_text _builder_version=&#8221;3.0.106&#8243; background_size=&#8221;initial&#8221; background_position=&#8221;top_left&#8221; background_repeat=&#8221;repeat&#8221; text_orientation=&#8221;center&#8221; module_alignment=&#8221;center&#8221; custom_margin=&#8221;0px||0px|&#8221; use_border_color=&#8221;off&#8221;]<\/p>\n<h2>Clients:<\/h2>\n<p>[\/et_pb_text][et_pb_gallery gallery_ids=&#8221;3244,3247,3223,3226,3241,3238,3235,3232,3229,3266,3282&#8243; posts_number=&#8221;12&#8243; show_title_and_caption=&#8221;off&#8221; show_pagination=&#8221;off&#8221; _builder_version=&#8221;3.0.106&#8243; pagination_font_size_tablet=&#8221;51&#8243; pagination_line_height_tablet=&#8221;2&#8243; custom_padding=&#8221;10px|10px|10px|10px&#8221; gallery_captions=&#8221;,,,,,,,,,,&#8221; caption_font=&#8221;||||||||&#8221; custom_margin=&#8221;5px|5px|5px|5px&#8221;][\/et_pb_gallery][\/et_pb_column][\/et_pb_row][\/et_pb_section][et_pb_section fb_built=&#8221;1&#8243; background_color=&#8221;#ff9728&#8243; admin_label=&#8221;section&#8221; custom_padding_last_edited=&#8221;on|desktop&#8221; _builder_version=&#8221;3.0.47&#8243; background_image=&#8221;https:\/\/www.fetamida.cat\/wp-content\/uploads\/2016\/12\/Fondo-1600&#215;200-Solicita-presupuesto.jpg&#8221; custom_padding_tablet=&#8221;50px|0|50px|0&#8243; transparent_background=&#8221;off&#8221; padding_mobile=&#8221;off&#8221;][et_pb_row padding_mobile=&#8221;off&#8221; column_padding_mobile=&#8221;on&#8221; admin_label=&#8221;row&#8221; _builder_version=&#8221;3.0.47&#8243; background_size=&#8221;initial&#8221; background_position=&#8221;top_left&#8221; background_repeat=&#8221;repeat&#8221;][et_pb_column type=&#8221;4_4&#8243; _builder_version=&#8221;3.0.47&#8243; column_padding_mobile=&#8221;on&#8221; parallax=&#8221;off&#8221; parallax_method=&#8221;on&#8221;][et_pb_cta title=&#8221;Sol\u00b7licita un Pressupost Fet a mida&#8221; button_url=&#8221;https:\/\/www.fetamida.cat\/ca\/contacte\/&#8221; button_text=&#8221;Contacta&#8217;ns&#8221; background_color=&#8221;rgba(255,255,255,0.43)&#8221; background_layout=&#8221;light&#8221; _builder_version=&#8221;3.0.47&#8243; header_font_size=&#8221;25&#8243; header_text_color=&#8221;#231f20&#8243; body_text_color=&#8221;#231f20&#8243; background_size=&#8221;initial&#8221; background_position=&#8221;top_left&#8221; background_repeat=&#8221;repeat&#8221; custom_margin=&#8221;|90px||90px&#8221; custom_padding=&#8221;|||&#8221; use_border_color=&#8221;off&#8221; border_color=&#8221;#ffffff&#8221; border_style=&#8221;solid&#8221;]<\/p>\n<h4><strong> Pots sol\u00b7licitar un pressupost Fet a mida per a la teva llar sense comprom\u00eds<\/strong><\/h4>\n<p>[\/et_pb_cta][\/et_pb_column][\/et_pb_row][\/et_pb_section]<\/p>\n","protected":false},"excerpt":{"rendered":"<p>Al llarg de la nostra traject\u00f2ria, hem adaptat la nostra forma de treballar a la demanda sol\u00b7licitada pels nostres clients, tant particulars com empreses. D&#8217;aquesta manera, podem dir que tenim una gran cartera de clients particulars, tant a les prov\u00edncies de Girona com de Barcelona, \u200b\u200bespecialment en les zones de la costa, a m\u00e9s d&#8217;estar [&hellip;]<\/p>\n","protected":false},"author":1,"featured_media":0,"parent":0,"menu_order":0,"comment_status":"closed","ping_status":"closed","template":"","meta":{"_et_pb_use_builder":"on","_et_pb_old_content":"","_et_gb_content_width":"","footnotes":""},"class_list":["post-2647","page","type-page","status-publish","hentry"],"yoast_head":"<!-- This site is optimized with the Yoast SEO plugin v26.7 - https:\/\/yoast.com\/wordpress\/plugins\/seo\/ -->\n<title>Mobiliari i fusteria artesanal de gran qualitat - Fet a mida<\/title>\n<meta name=\"description\" content=\"Fet a mida, firma de fusteria i mobiliari de la llar. Treballa per a clients particulars i tamb\u00e9 ho fa per a empreses a les prov\u00edncies de Girona i Barcelona\" \/>\n<meta name=\"robots\" content=\"index, follow, max-snippet:-1, max-image-preview:large, max-video-preview:-1\" \/>\n<link rel=\"canonical\" href=\"https:\/\/www.fetamida.cat\/ca\/clients\/\" \/>\n<meta property=\"og:locale\" content=\"ca_ES\" \/>\n<meta property=\"og:type\" content=\"article\" \/>\n<meta property=\"og:title\" content=\"Mobiliari i fusteria artesanal de gran qualitat - Fet a mida\" \/>\n<meta property=\"og:description\" content=\"Fet a mida, firma de fusteria i mobiliari de la llar. Treballa per a clients particulars i tamb\u00e9 ho fa per a empreses a les prov\u00edncies de Girona i Barcelona\" \/>\n<meta property=\"og:url\" content=\"https:\/\/www.fetamida.cat\/ca\/clients\/\" \/>\n<meta property=\"og:site_name\" content=\"Fet a mida by ADORNA\" \/>\n<meta property=\"article:publisher\" content=\"https:\/\/www.facebook.com\/fet.amida\" \/>\n<meta property=\"article:modified_time\" content=\"2018-09-07T15:53:13+00:00\" \/>\n<meta name=\"twitter:card\" content=\"summary_large_image\" \/>\n<meta name=\"twitter:label1\" content=\"Temps estimat de lectura\" \/>\n\t<meta name=\"twitter:data1\" content=\"6 minuts\" \/>\n<script type=\"application\/ld+json\" class=\"yoast-schema-graph\">{\"@context\":\"https:\/\/schema.org\",\"@graph\":[{\"@type\":\"WebPage\",\"@id\":\"https:\/\/www.fetamida.cat\/ca\/clients\/\",\"url\":\"https:\/\/www.fetamida.cat\/ca\/clients\/\",\"name\":\"Mobiliari i fusteria artesanal de gran qualitat - Fet a mida\",\"isPartOf\":{\"@id\":\"https:\/\/www.fetamida.cat\/ca\/#website\"},\"datePublished\":\"2016-12-14T16:29:33+00:00\",\"dateModified\":\"2018-09-07T15:53:13+00:00\",\"description\":\"Fet a mida, firma de fusteria i mobiliari de la llar. Treballa per a clients particulars i tamb\u00e9 ho fa per a empreses a les prov\u00edncies de Girona i Barcelona\",\"breadcrumb\":{\"@id\":\"https:\/\/www.fetamida.cat\/ca\/clients\/#breadcrumb\"},\"inLanguage\":\"ca\",\"potentialAction\":[{\"@type\":\"ReadAction\",\"target\":[\"https:\/\/www.fetamida.cat\/ca\/clients\/\"]}]},{\"@type\":\"BreadcrumbList\",\"@id\":\"https:\/\/www.fetamida.cat\/ca\/clients\/#breadcrumb\",\"itemListElement\":[{\"@type\":\"ListItem\",\"position\":1,\"name\":\"Portada\",\"item\":\"https:\/\/www.fetamida.cat\/ca\/\"},{\"@type\":\"ListItem\",\"position\":2,\"name\":\"Clients\"}]},{\"@type\":\"WebSite\",\"@id\":\"https:\/\/www.fetamida.cat\/ca\/#website\",\"url\":\"https:\/\/www.fetamida.cat\/ca\/\",\"name\":\"Fet a mida by ADORNA\",\"description\":\"Mobles i cuines\",\"potentialAction\":[{\"@type\":\"SearchAction\",\"target\":{\"@type\":\"EntryPoint\",\"urlTemplate\":\"https:\/\/www.fetamida.cat\/ca\/?s={search_term_string}\"},\"query-input\":{\"@type\":\"PropertyValueSpecification\",\"valueRequired\":true,\"valueName\":\"search_term_string\"}}],\"inLanguage\":\"ca\"}]}<\/script>\n<!-- \/ Yoast SEO plugin. -->","yoast_head_json":{"title":"Mobiliari i fusteria artesanal de gran qualitat - Fet a mida","description":"Fet a mida, firma de fusteria i mobiliari de la llar. Treballa per a clients particulars i tamb\u00e9 ho fa per a empreses a les prov\u00edncies de Girona i Barcelona","robots":{"index":"index","follow":"follow","max-snippet":"max-snippet:-1","max-image-preview":"max-image-preview:large","max-video-preview":"max-video-preview:-1"},"canonical":"https:\/\/www.fetamida.cat\/ca\/clients\/","og_locale":"ca_ES","og_type":"article","og_title":"Mobiliari i fusteria artesanal de gran qualitat - Fet a mida","og_description":"Fet a mida, firma de fusteria i mobiliari de la llar. Treballa per a clients particulars i tamb\u00e9 ho fa per a empreses a les prov\u00edncies de Girona i Barcelona","og_url":"https:\/\/www.fetamida.cat\/ca\/clients\/","og_site_name":"Fet a mida by ADORNA","article_publisher":"https:\/\/www.facebook.com\/fet.amida","article_modified_time":"2018-09-07T15:53:13+00:00","twitter_card":"summary_large_image","twitter_misc":{"Temps estimat de lectura":"6 minuts"},"schema":{"@context":"https:\/\/schema.org","@graph":[{"@type":"WebPage","@id":"https:\/\/www.fetamida.cat\/ca\/clients\/","url":"https:\/\/www.fetamida.cat\/ca\/clients\/","name":"Mobiliari i fusteria artesanal de gran qualitat - Fet a mida","isPartOf":{"@id":"https:\/\/www.fetamida.cat\/ca\/#website"},"datePublished":"2016-12-14T16:29:33+00:00","dateModified":"2018-09-07T15:53:13+00:00","description":"Fet a mida, firma de fusteria i mobiliari de la llar. Treballa per a clients particulars i tamb\u00e9 ho fa per a empreses a les prov\u00edncies de Girona i Barcelona","breadcrumb":{"@id":"https:\/\/www.fetamida.cat\/ca\/clients\/#breadcrumb"},"inLanguage":"ca","potentialAction":[{"@type":"ReadAction","target":["https:\/\/www.fetamida.cat\/ca\/clients\/"]}]},{"@type":"BreadcrumbList","@id":"https:\/\/www.fetamida.cat\/ca\/clients\/#breadcrumb","itemListElement":[{"@type":"ListItem","position":1,"name":"Portada","item":"https:\/\/www.fetamida.cat\/ca\/"},{"@type":"ListItem","position":2,"name":"Clients"}]},{"@type":"WebSite","@id":"https:\/\/www.fetamida.cat\/ca\/#website","url":"https:\/\/www.fetamida.cat\/ca\/","name":"Fet a mida by ADORNA","description":"Mobles i cuines","potentialAction":[{"@type":"SearchAction","target":{"@type":"EntryPoint","urlTemplate":"https:\/\/www.fetamida.cat\/ca\/?s={search_term_string}"},"query-input":{"@type":"PropertyValueSpecification","valueRequired":true,"valueName":"search_term_string"}}],"inLanguage":"ca"}]}},"_links":{"self":[{"href":"https:\/\/www.fetamida.cat\/ca\/wp-json\/wp\/v2\/pages\/2647","targetHints":{"allow":["GET"]}}],"collection":[{"href":"https:\/\/www.fetamida.cat\/ca\/wp-json\/wp\/v2\/pages"}],"about":[{"href":"https:\/\/www.fetamida.cat\/ca\/wp-json\/wp\/v2\/types\/page"}],"author":[{"embeddable":true,"href":"https:\/\/www.fetamida.cat\/ca\/wp-json\/wp\/v2\/users\/1"}],"replies":[{"embeddable":true,"href":"https:\/\/www.fetamida.cat\/ca\/wp-json\/wp\/v2\/comments?post=2647"}],"version-history":[{"count":0,"href":"https:\/\/www.fetamida.cat\/ca\/wp-json\/wp\/v2\/pages\/2647\/revisions"}],"wp:attachment":[{"href":"https:\/\/www.fetamida.cat\/ca\/wp-json\/wp\/v2\/media?parent=2647"}],"curies":[{"name":"wp","href":"https:\/\/api.w.org\/{rel}","templated":true}]}}