{"id":2651,"date":"2016-11-22T12:55:23","date_gmt":"2016-11-22T12:55:23","guid":{"rendered":"https:\/\/www.fetamida.cat\/contacto\/"},"modified":"2017-02-09T11:06:55","modified_gmt":"2017-02-09T10:06:55","slug":"contacte","status":"publish","type":"page","link":"https:\/\/www.fetamida.cat\/ca\/contacte\/","title":{"rendered":"Contacte"},"content":{"rendered":"<p>[et_pb_section admin_label=&#8221;section&#8221; transparent_background=&#8221;off&#8221; allow_player_pause=&#8221;off&#8221; inner_shadow=&#8221;off&#8221; parallax=&#8221;off&#8221; parallax_method=&#8221;on&#8221; padding_mobile=&#8221;off&#8221; make_fullwidth=&#8221;off&#8221; use_custom_width=&#8221;off&#8221; width_unit=&#8221;off&#8221; custom_width_px=&#8221;1080px&#8221; custom_width_percent=&#8221;80%&#8221; make_equal=&#8221;off&#8221; use_custom_gutter=&#8221;off&#8221; fullwidth=&#8221;on&#8221; specialty=&#8221;off&#8221; disabled=&#8221;off&#8221;][et_pb_fullwidth_map admin_label=&#8221;Fullwidth Map&#8221; address=&#8221;08490 Tordera, Barcelona, Espa\u00f1a&#8221; zoom_level=&#8221;11&#8243; address_lat=&#8221;41.68028303923853&#8243; address_lng=&#8221;2.653988367773419&#8243; mouse_wheel=&#8221;off&#8221; mobile_dragging=&#8221;off&#8221; disabled=&#8221;off&#8221;]<\/p>\n<p>[et_pb_map_pin title=&#8221;Fet a mida&#8221; pin_address=&#8221;Calle C. Parcela 50, Pol\u00edgono Industrial Can Verdalet, 08490 Tordera, Barcelona, Espa\u00f1a&#8221; pin_address_lat=&#8221;41.709452&#8243; pin_address_lng=&#8221;2.715453000000025&#8243; disabled=&#8221;off&#8221;]<\/p>\n<p>Calle C. Parcela 50, Pol\u00edgono Industrial Can Verdalet<br \/>\n08490 Tordera, Barcelona<\/p>\n<p>[\/et_pb_map_pin]<\/p>\n<p>[\/et_pb_fullwidth_map][\/et_pb_section][et_pb_section admin_label=&#8221;section&#8221; background_image=&#8221;https:\/\/www.fetamida.cat\/wp-content\/uploads\/2016\/12\/Fondo-pagina-contacto1600x745.jpg&#8221; transparent_background=&#8221;off&#8221; allow_player_pause=&#8221;off&#8221; inner_shadow=&#8221;off&#8221; parallax=&#8221;off&#8221; parallax_method=&#8221;on&#8221; custom_padding=&#8221;64px||60px|&#8221; padding_mobile=&#8221;off&#8221; make_fullwidth=&#8221;off&#8221; use_custom_width=&#8221;off&#8221; width_unit=&#8221;off&#8221; custom_width_px=&#8221;1080px&#8221; custom_width_percent=&#8221;80%&#8221; make_equal=&#8221;off&#8221; use_custom_gutter=&#8221;off&#8221; fullwidth=&#8221;off&#8221; specialty=&#8221;off&#8221; disabled=&#8221;off&#8221;][et_pb_row admin_label=&#8221;row&#8221; make_fullwidth=&#8221;off&#8221; use_custom_width=&#8221;off&#8221; width_unit=&#8221;off&#8221; custom_width_px=&#8221;1080px&#8221; custom_width_percent=&#8221;80%&#8221; use_custom_gutter=&#8221;off&#8221; gutter_width=&#8221;1&#8243; custom_padding=&#8221;||60px|&#8221; padding_mobile=&#8221;off&#8221; allow_player_pause=&#8221;off&#8221; parallax=&#8221;off&#8221; parallax_method=&#8221;on&#8221; make_equal=&#8221;off&#8221; column_padding_mobile=&#8221;on&#8221; parallax_1=&#8221;off&#8221; parallax_method_1=&#8221;on&#8221; parallax_2=&#8221;off&#8221; parallax_method_2=&#8221;on&#8221; parallax_3=&#8221;off&#8221; parallax_method_3=&#8221;on&#8221; parallax_4=&#8221;off&#8221; parallax_method_4=&#8221;on&#8221; disabled=&#8221;off&#8221;][et_pb_column type=&#8221;1_2&#8243;][et_pb_text admin_label=&#8221;Text&#8221; background_layout=&#8221;light&#8221; text_orientation=&#8221;left&#8221; use_border_color=&#8221;off&#8221; border_style=&#8221;solid&#8221; custom_margin=&#8221;70px|100px||&#8221; disabled=&#8221;off&#8221;]<\/p>\n<h2><span style=\"color: #ffffff;\">M&eacute;s informaci&oacute;<\/span><\/h2>\n<h4><span style=\"color: #ffffff;\">Som una empresa de fusteria de fabricaci&oacute; pr&ograve;pia, fundada a Blanes el 2004, i donem serveis de fusteria integral a les prov&iacute;ncies de Girona i Barcelona. Fruit del creixement de la demanda i la necessitat de millorar el nostre espai, a mitjans de 2016 vam traslladar les nostres instal&middot;lacions al pol&iacute;gon industrial Can Verdalet de Tordera.<\/span><\/h4>\n<p>&nbsp;<\/p>\n<p>[\/et_pb_text][\/et_pb_column][et_pb_column type=&#8221;1_2&#8243;][et_pb_text admin_label=&#8221;Text&#8221; background_layout=&#8221;light&#8221; text_orientation=&#8221;left&#8221; use_border_color=&#8221;off&#8221; border_style=&#8221;solid&#8221; disabled=&#8221;off&#8221; border_color=&#8221;#ffffff&#8221;]<\/p>\n<p><strong><a href=\"mailto:hola@fetamida.cat\"><img decoding=\"async\" class=\"wp-image-541 alignnone size-full\" src=\"\/wp-content\/uploads\/2016\/12\/Iconos-email.png\" alt=\"iconos-email\" width=\"40\" height=\"40\"><\/a>&nbsp; &nbsp; &nbsp;&nbsp;<a href=\"https:\/\/www.facebook.com\/fet.amida\"><img decoding=\"async\" class=\"wp-image-542 alignnone size-full\" src=\"\/wp-content\/uploads\/2016\/12\/Iconos-fb.png\" alt=\"iconos-fb\" width=\"40\" height=\"40\"><\/a>&nbsp; &nbsp; &nbsp;&nbsp;<img decoding=\"async\" class=\"wp-image-543 alignnone size-full\" src=\"\/wp-content\/uploads\/2016\/12\/Iconos-pinterest.png\" alt=\"iconos-pinterest\" width=\"40\" height=\"40\">&nbsp; &nbsp; &nbsp;&nbsp;<a href=\"tel:0034600062480\"><img decoding=\"async\" class=\"wp-image-544 alignnone size-full\" src=\"\/wp-content\/uploads\/2016\/12\/Iconos-telefono.png\" alt=\"iconos-telefono\" width=\"40\" height=\"40\"><\/a>&nbsp; &nbsp; &nbsp;&nbsp;<a href=\"whatsapp:\/\/tel:0034600062480\"><img decoding=\"async\" class=\"wp-image-545 alignnone size-full\" src=\"\/wp-content\/uploads\/2016\/12\/Iconos-wtsapp.png\" alt=\"iconos-wtsapp\" width=\"40\" height=\"40\"><\/a>&nbsp; &nbsp; &nbsp;<a href=\"#\"><img decoding=\"async\" class=\"wp-image-546 alignnone size-full\" src=\"\/wp-content\/uploads\/2016\/12\/Iconos-youtube.png\" alt=\"iconos-youtube\" width=\"40\" height=\"40\"><\/a><\/strong><\/p>\n<p>&nbsp;<\/p>\n<h2><strong><span style=\"color: #ffffff;\">Construccions a mida Blanes SL<\/span><\/strong><\/h2>\n<h4><span style=\"color: #ffffff;\"><span style=\"color: #ffffff;\"><b>Adre\u00e7a<\/b><\/span><strong>:&nbsp;<\/strong>Carrer C, parcel\u00b7la 50, pol\u00edgon industrial Can Verdalet, <\/span><\/h4>\n<h4><span style=\"color: #ffffff;\">08490 TORDERA (Barcelona)<\/span><\/h4>\n<h4><span style=\"color: #ffffff;\"><strong>Tel\u00e8fon:&nbsp;<\/strong>600 062 480 (Javier Rubio)<\/span><\/h4>\n<h4><span style=\"color: #ffffff;\"><strong>Horari:<\/strong> De dilluns a divendres de 9:00h. a 19:00h.<\/span><\/h4>\n<p>[\/et_pb_text][\/et_pb_column][\/et_pb_row][et_pb_row admin_label=&#8221;row&#8221; make_fullwidth=&#8221;off&#8221; use_custom_width=&#8221;off&#8221; width_unit=&#8221;off&#8221; custom_width_px=&#8221;1080px&#8221; custom_width_percent=&#8221;80%&#8221; use_custom_gutter=&#8221;off&#8221; gutter_width=&#8221;1&#8243; padding_mobile=&#8221;off&#8221; allow_player_pause=&#8221;off&#8221; parallax=&#8221;off&#8221; parallax_method=&#8221;on&#8221; make_equal=&#8221;off&#8221; column_padding_mobile=&#8221;on&#8221; parallax_1=&#8221;off&#8221; parallax_method_1=&#8221;on&#8221; parallax_2=&#8221;off&#8221; parallax_method_2=&#8221;on&#8221; parallax_3=&#8221;off&#8221; parallax_method_3=&#8221;on&#8221; parallax_4=&#8221;off&#8221; parallax_method_4=&#8221;on&#8221; disabled=&#8221;off&#8221;][et_pb_column type=&#8221;4_4&#8243;][et_pb_text admin_label=&#8221;Texto&#8221; background_layout=&#8221;light&#8221; text_orientation=&#8221;left&#8221; use_border_color=&#8221;off&#8221; border_style=&#8221;solid&#8221; custom_margin=&#8221;||15px|&#8221; disabled=&#8221;off&#8221; border_color=&#8221;#ffffff&#8221;]<\/p>\n<h1><span style=\"color: #fa7f01;\">Contacta&#8217;ns&#8230;<\/span><\/h1>\n<p>[\/et_pb_text][et_pb_code admin_label=&#8221;C\u00f3digo&#8221; disabled=&#8221;off&#8221;]<div class=\"frm_forms  with_frm_style frm_style_formidable-style\" id=\"frm_form_7_container\" data-token=\"d181385d3f579f64b6d49c4ca8d6871e\">\n<form enctype=\"multipart\/form-data\" method=\"post\" class=\"frm-show-form  frm_ajax_submit  frm_pro_form \" id=\"form_zwprz3\" data-token=\"d181385d3f579f64b6d49c4ca8d6871e\">\n<div class=\"frm_form_fields \">\n<fieldset>\n<legend class=\"frm_hidden\">Contacto - CA<\/legend>\r\n\r\n<div class=\"frm_fields_container\">\n<input type=\"hidden\" name=\"frm_action\" value=\"create\" \/>\n<input type=\"hidden\" name=\"form_id\" value=\"7\" \/>\n<input type=\"hidden\" name=\"frm_hide_fields_7\" id=\"frm_hide_fields_7\" value=\"\" \/>\n<input type=\"hidden\" name=\"form_key\" value=\"zwprz3\" \/>\n<input type=\"hidden\" name=\"item_meta[0]\" value=\"\" \/>\n<input type=\"hidden\" id=\"frm_submit_entry_7\" name=\"frm_submit_entry_7\" value=\"62c8002b24\" \/><input type=\"hidden\" name=\"_wp_http_referer\" value=\"\/ca\/wp-json\/wp\/v2\/pages\/2651\" \/><div id=\"frm_field_74_container\" class=\"frm_form_field form-field  frm_required_field frm_none_container frm_first frm_third\">\r\n    <label for=\"field_ieb1l3\" class=\"frm_primary_label\">Nom\r\n        <span class=\"frm_required\">*<\/span>\r\n    <\/label>\r\n    <input  type=\"text\" id=\"field_ieb1l3\" name=\"item_meta[74]\" value=\"\"  placeholder=\"Nom\" data-reqmsg=\"Este campo no puede estar en blanco.\" aria-required=\"true\" data-invmsg=\"Nom is invalid\" aria-invalid=\"false\"   \/>\r\n    \r\n    \r\n<\/div>\n<div id=\"frm_field_75_container\" class=\"frm_form_field form-field  frm_required_field frm_none_container frm_third\">\r\n    <label for=\"field_jlmln3\" class=\"frm_primary_label\">Email\r\n        <span class=\"frm_required\">*<\/span>\r\n    <\/label>\r\n    <input type=\"email\" id=\"field_jlmln3\" name=\"item_meta[75]\" value=\"\"  placeholder=\"Email\" data-reqmsg=\"Este campo no puede estar en blanco.\" aria-required=\"true\" data-invmsg=\"Email no es v\u00e1lido\" aria-invalid=\"false\"  \/>\r\n    \r\n    \r\n<\/div>\n<div id=\"frm_field_76_container\" class=\"frm_form_field form-field  frm_required_field frm_none_container frm_third\">\r\n    <label for=\"field_5rqr43\" class=\"frm_primary_label\">Tel\u00e8fon\r\n        <span class=\"frm_required\">*<\/span>\r\n    <\/label>\r\n    <input type=\"tel\" id=\"field_5rqr43\" name=\"item_meta[76]\" value=\"\"  placeholder=\"Tel\u00e8fon\" data-reqmsg=\"Este campo no puede estar en blanco.\" aria-required=\"true\" data-invmsg=\"Tel\u00e9fono no es v\u00e1lido\" aria-invalid=\"false\" pattern=\"((\\+\\d{1,3}(-|.| )?\\(?\\d\\)?(-| |.)?\\d{1,5})|(\\(?\\d{2,6}\\)?))(-|.| )?(\\d{3,4})(-|.| )?(\\d{4})(( x| ext)\\d{1,5}){0,1}$\"  \/>\r\n    \r\n    \r\n<\/div>\n<div id=\"frm_field_77_container\" class=\"frm_form_field form-field  frm_required_field frm_none_container frm_full\">\r\n    <label for=\"field_87sc13\" class=\"frm_primary_label\">Missatge\r\n        <span class=\"frm_required\">*<\/span>\r\n    <\/label>\r\n    <textarea name=\"item_meta[77]\" id=\"field_87sc13\" rows=\"5\"  placeholder=\"Missatge...\" data-reqmsg=\"Este campo no puede estar en blanco.\" aria-required=\"true\" data-invmsg=\"Missatge is invalid\" aria-invalid=\"false\"  ><\/textarea>\r\n    \r\n    \r\n<\/div>\n<div id=\"frm_field_78_container\" class=\"frm_form_field form-field  frm_none_container\">\r\n    <label for=\"g-recaptcha-response\" class=\"frm_primary_label\">reCAPTCHA\r\n        <span class=\"frm_required\"><\/span>\r\n    <\/label>\r\n    <div  id=\"field_clvna3\" class=\"g-recaptcha\" data-sitekey=\"6LfFjecUAAAAAHJrhY-FoLbo2LjvQiU3xg0DUNSA\" data-size=\"invisible\" data-theme=\"light\" data-callback=\"frmAfterRecaptcha\"><\/div>\r\n    \r\n    \r\n<\/div>\n\t<input type=\"hidden\" name=\"item_key\" value=\"\" \/>\n\t\t\t<div id=\"frm_field_99_container\">\n\t\t\t<label for=\"field_riutz\" >\n\t\t\t\tIf you are human, leave this field blank.\t\t\t<\/label>\n\t\t\t<input  id=\"field_riutz\" type=\"text\" class=\"frm_form_field form-field frm_verify\" name=\"item_meta[99]\" value=\"\"  \/>\n\t\t<\/div>\n\t\t<input name=\"frm_state\" type=\"hidden\" value=\"tYhiqla30qIi\/H5d3f6JF5TBHKNx6Qm3OzWVvJbwusXE\/3K\/PhROs8KIhUcRKlLO\" \/><div class=\"frm_submit\">\r\n\r\n<input type=\"submit\" value=\"Enviar\"  class=\"frm_final_submit\" formnovalidate=\"formnovalidate\" \/>\r\n<img decoding=\"async\" class=\"frm_ajax_loading\" src=\"https:\/\/www.fetamida.cat\/wp-content\/plugins\/formidable\/images\/ajax_loader.gif\" alt=\"Enviando\"\/>\r\n\r\n<\/div><\/div>\n<\/fieldset>\n<\/div>\n\n<\/form>\n<\/div>\n[\/et_pb_code][\/et_pb_column][\/et_pb_row][\/et_pb_section]<\/p>\n","protected":false},"excerpt":{"rendered":"<p>Calle C. Parcela 50, Pol\u00edgono Industrial Can Verdalet 08490 Tordera, Barcelona M&eacute;s informaci&oacute; Som una empresa de fusteria de fabricaci&oacute; pr&ograve;pia, fundada a Blanes el 2004, i donem serveis de fusteria integral a les prov&iacute;ncies de Girona i Barcelona. Fruit del creixement de la demanda i la necessitat de millorar el nostre espai, a mitjans [&hellip;]<\/p>\n","protected":false},"author":1,"featured_media":0,"parent":0,"menu_order":0,"comment_status":"closed","ping_status":"closed","template":"","meta":{"_et_pb_use_builder":"on","_et_pb_old_content":"","_et_gb_content_width":"","footnotes":""},"class_list":["post-2651","page","type-page","status-publish","hentry"],"yoast_head":"<!-- This site is optimized with the Yoast SEO plugin v26.7 - https:\/\/yoast.com\/wordpress\/plugins\/seo\/ -->\n<title>Mobiliari per a la llar d&#039;elaboraci\u00f3 artesanal - Fet a mida<\/title>\n<meta name=\"description\" content=\"Fet a mida \u00e9s una empresa de fusteria de fabricaci\u00f3 pr\u00f2pia, amb mobiliari per a la llar, donem un servei integral a les prov\u00edncies de Girona i de Barcelona.\" \/>\n<meta name=\"robots\" content=\"index, follow, max-snippet:-1, max-image-preview:large, max-video-preview:-1\" \/>\n<link rel=\"canonical\" href=\"https:\/\/www.fetamida.cat\/ca\/contacte\/\" \/>\n<meta property=\"og:locale\" content=\"ca_ES\" \/>\n<meta property=\"og:type\" content=\"article\" \/>\n<meta property=\"og:title\" content=\"Mobiliari per a la llar d&#039;elaboraci\u00f3 artesanal - Fet a mida\" \/>\n<meta property=\"og:description\" content=\"Fet a mida \u00e9s una empresa de fusteria de fabricaci\u00f3 pr\u00f2pia, amb mobiliari per a la llar, donem un servei integral a les prov\u00edncies de Girona i de Barcelona.\" \/>\n<meta property=\"og:url\" content=\"https:\/\/www.fetamida.cat\/ca\/contacte\/\" \/>\n<meta property=\"og:site_name\" content=\"Fet a mida by ADORNA\" \/>\n<meta property=\"article:publisher\" content=\"https:\/\/www.facebook.com\/fet.amida\" \/>\n<meta property=\"article:modified_time\" content=\"2017-02-09T10:06:55+00:00\" \/>\n<meta property=\"og:image\" content=\"https:\/\/www.fetamida.cat\/wp-content\/uploads\/2016\/12\/Iconos-email.png\" \/>\n<meta name=\"twitter:card\" content=\"summary_large_image\" \/>\n<meta name=\"twitter:label1\" content=\"Temps estimat de lectura\" \/>\n\t<meta name=\"twitter:data1\" content=\"3 minuts\" \/>\n<script type=\"application\/ld+json\" class=\"yoast-schema-graph\">{\"@context\":\"https:\/\/schema.org\",\"@graph\":[{\"@type\":\"WebPage\",\"@id\":\"https:\/\/www.fetamida.cat\/ca\/contacte\/\",\"url\":\"https:\/\/www.fetamida.cat\/ca\/contacte\/\",\"name\":\"Mobiliari per a la llar d'elaboraci\u00f3 artesanal - Fet a mida\",\"isPartOf\":{\"@id\":\"https:\/\/www.fetamida.cat\/ca\/#website\"},\"datePublished\":\"2016-11-22T12:55:23+00:00\",\"dateModified\":\"2017-02-09T10:06:55+00:00\",\"description\":\"Fet a mida \u00e9s una empresa de fusteria de fabricaci\u00f3 pr\u00f2pia, amb mobiliari per a la llar, donem un servei integral a les prov\u00edncies de Girona i de Barcelona.\",\"breadcrumb\":{\"@id\":\"https:\/\/www.fetamida.cat\/ca\/contacte\/#breadcrumb\"},\"inLanguage\":\"ca\",\"potentialAction\":[{\"@type\":\"ReadAction\",\"target\":[\"https:\/\/www.fetamida.cat\/ca\/contacte\/\"]}]},{\"@type\":\"BreadcrumbList\",\"@id\":\"https:\/\/www.fetamida.cat\/ca\/contacte\/#breadcrumb\",\"itemListElement\":[{\"@type\":\"ListItem\",\"position\":1,\"name\":\"Portada\",\"item\":\"https:\/\/www.fetamida.cat\/ca\/\"},{\"@type\":\"ListItem\",\"position\":2,\"name\":\"Contacte\"}]},{\"@type\":\"WebSite\",\"@id\":\"https:\/\/www.fetamida.cat\/ca\/#website\",\"url\":\"https:\/\/www.fetamida.cat\/ca\/\",\"name\":\"Fet a mida by ADORNA\",\"description\":\"Mobles i cuines\",\"potentialAction\":[{\"@type\":\"SearchAction\",\"target\":{\"@type\":\"EntryPoint\",\"urlTemplate\":\"https:\/\/www.fetamida.cat\/ca\/?s={search_term_string}\"},\"query-input\":{\"@type\":\"PropertyValueSpecification\",\"valueRequired\":true,\"valueName\":\"search_term_string\"}}],\"inLanguage\":\"ca\"}]}<\/script>\n<!-- \/ Yoast SEO plugin. -->","yoast_head_json":{"title":"Mobiliari per a la llar d'elaboraci\u00f3 artesanal - Fet a mida","description":"Fet a mida \u00e9s una empresa de fusteria de fabricaci\u00f3 pr\u00f2pia, amb mobiliari per a la llar, donem un servei integral a les prov\u00edncies de Girona i de Barcelona.","robots":{"index":"index","follow":"follow","max-snippet":"max-snippet:-1","max-image-preview":"max-image-preview:large","max-video-preview":"max-video-preview:-1"},"canonical":"https:\/\/www.fetamida.cat\/ca\/contacte\/","og_locale":"ca_ES","og_type":"article","og_title":"Mobiliari per a la llar d'elaboraci\u00f3 artesanal - Fet a mida","og_description":"Fet a mida \u00e9s una empresa de fusteria de fabricaci\u00f3 pr\u00f2pia, amb mobiliari per a la llar, donem un servei integral a les prov\u00edncies de Girona i de Barcelona.","og_url":"https:\/\/www.fetamida.cat\/ca\/contacte\/","og_site_name":"Fet a mida by ADORNA","article_publisher":"https:\/\/www.facebook.com\/fet.amida","article_modified_time":"2017-02-09T10:06:55+00:00","og_image":[{"url":"https:\/\/www.fetamida.cat\/wp-content\/uploads\/2016\/12\/Iconos-email.png","type":"","width":"","height":""}],"twitter_card":"summary_large_image","twitter_misc":{"Temps estimat de lectura":"3 minuts"},"schema":{"@context":"https:\/\/schema.org","@graph":[{"@type":"WebPage","@id":"https:\/\/www.fetamida.cat\/ca\/contacte\/","url":"https:\/\/www.fetamida.cat\/ca\/contacte\/","name":"Mobiliari per a la llar d'elaboraci\u00f3 artesanal - Fet a mida","isPartOf":{"@id":"https:\/\/www.fetamida.cat\/ca\/#website"},"datePublished":"2016-11-22T12:55:23+00:00","dateModified":"2017-02-09T10:06:55+00:00","description":"Fet a mida \u00e9s una empresa de fusteria de fabricaci\u00f3 pr\u00f2pia, amb mobiliari per a la llar, donem un servei integral a les prov\u00edncies de Girona i de Barcelona.","breadcrumb":{"@id":"https:\/\/www.fetamida.cat\/ca\/contacte\/#breadcrumb"},"inLanguage":"ca","potentialAction":[{"@type":"ReadAction","target":["https:\/\/www.fetamida.cat\/ca\/contacte\/"]}]},{"@type":"BreadcrumbList","@id":"https:\/\/www.fetamida.cat\/ca\/contacte\/#breadcrumb","itemListElement":[{"@type":"ListItem","position":1,"name":"Portada","item":"https:\/\/www.fetamida.cat\/ca\/"},{"@type":"ListItem","position":2,"name":"Contacte"}]},{"@type":"WebSite","@id":"https:\/\/www.fetamida.cat\/ca\/#website","url":"https:\/\/www.fetamida.cat\/ca\/","name":"Fet a mida by ADORNA","description":"Mobles i cuines","potentialAction":[{"@type":"SearchAction","target":{"@type":"EntryPoint","urlTemplate":"https:\/\/www.fetamida.cat\/ca\/?s={search_term_string}"},"query-input":{"@type":"PropertyValueSpecification","valueRequired":true,"valueName":"search_term_string"}}],"inLanguage":"ca"}]}},"_links":{"self":[{"href":"https:\/\/www.fetamida.cat\/ca\/wp-json\/wp\/v2\/pages\/2651","targetHints":{"allow":["GET"]}}],"collection":[{"href":"https:\/\/www.fetamida.cat\/ca\/wp-json\/wp\/v2\/pages"}],"about":[{"href":"https:\/\/www.fetamida.cat\/ca\/wp-json\/wp\/v2\/types\/page"}],"author":[{"embeddable":true,"href":"https:\/\/www.fetamida.cat\/ca\/wp-json\/wp\/v2\/users\/1"}],"replies":[{"embeddable":true,"href":"https:\/\/www.fetamida.cat\/ca\/wp-json\/wp\/v2\/comments?post=2651"}],"version-history":[{"count":0,"href":"https:\/\/www.fetamida.cat\/ca\/wp-json\/wp\/v2\/pages\/2651\/revisions"}],"wp:attachment":[{"href":"https:\/\/www.fetamida.cat\/ca\/wp-json\/wp\/v2\/media?parent=2651"}],"curies":[{"name":"wp","href":"https:\/\/api.w.org\/{rel}","templated":true}]}}