{"id":2667,"date":"2016-11-22T12:54:00","date_gmt":"2016-11-22T12:54:00","guid":{"rendered":"https:\/\/www.fetamida.cat\/servicios\/"},"modified":"2017-01-18T10:01:45","modified_gmt":"2017-01-18T09:01:45","slug":"serveis","status":"publish","type":"page","link":"https:\/\/www.fetamida.cat\/ca\/serveis\/","title":{"rendered":"Serveis"},"content":{"rendered":"<p>[et_pb_section admin_label=&#8221;Secci\u00f3n&#8221; background_image=&#8221;https:\/\/www.fetamida.cat\/wp-content\/uploads\/2016\/11\/1600x600fondofondo.jpg&#8221; transparent_background=&#8221;off&#8221; allow_player_pause=&#8221;off&#8221; inner_shadow=&#8221;off&#8221; parallax=&#8221;off&#8221; parallax_method=&#8221;off&#8221; custom_padding=&#8221;0px|0px|375px|0px&#8221; padding_mobile=&#8221;off&#8221; make_fullwidth=&#8221;off&#8221; use_custom_width=&#8221;off&#8221; width_unit=&#8221;on&#8221; custom_width_px=&#8221;1080px&#8221; custom_width_percent=&#8221;80%&#8221; make_equal=&#8221;off&#8221; use_custom_gutter=&#8221;off&#8221; fullwidth=&#8221;on&#8221; specialty=&#8221;off&#8221; disabled=&#8221;off&#8221;][et_pb_fullwidth_post_title admin_label=&#8221;T\u00edtulo de publicaci\u00f3n de anchura completa&#8221; title=&#8221;off&#8221; meta=&#8221;off&#8221; author=&#8221;off&#8221; date=&#8221;on&#8221; date_format=&#8221;M j, Y&#8221; categories=&#8221;on&#8221; comments=&#8221;on&#8221; featured_image=&#8221;off&#8221; featured_placement=&#8221;below&#8221; parallax_effect=&#8221;on&#8221; parallax_method=&#8221;on&#8221; text_orientation=&#8221;left&#8221; text_color=&#8221;dark&#8221; text_background=&#8221;off&#8221; text_bg_color=&#8221;rgba(255,255,255,0.9)&#8221; title_all_caps=&#8221;off&#8221; use_border_color=&#8221;off&#8221; border_color=&#8221;#ffffff&#8221; border_width=&#8221;1px&#8221; border_style=&#8221;solid&#8221; disabled=&#8221;off&#8221;]<\/p>\n<p>[\/et_pb_fullwidth_post_title][\/et_pb_section][et_pb_section admin_label=&#8221;section&#8221; transparent_background=&#8221;off&#8221; allow_player_pause=&#8221;off&#8221; inner_shadow=&#8221;off&#8221; parallax=&#8221;off&#8221; parallax_method=&#8221;on&#8221; custom_padding=&#8221;40px||20px|&#8221; padding_mobile=&#8221;off&#8221; make_fullwidth=&#8221;off&#8221; use_custom_width=&#8221;off&#8221; width_unit=&#8221;off&#8221; custom_width_px=&#8221;1080px&#8221; custom_width_percent=&#8221;80%&#8221; make_equal=&#8221;off&#8221; use_custom_gutter=&#8221;off&#8221; fullwidth=&#8221;off&#8221; specialty=&#8221;off&#8221; disabled=&#8221;off&#8221;][et_pb_row admin_label=&#8221;row&#8221; make_fullwidth=&#8221;off&#8221; use_custom_width=&#8221;off&#8221; width_unit=&#8221;off&#8221; custom_width_px=&#8221;1080px&#8221; custom_width_percent=&#8221;80%&#8221; use_custom_gutter=&#8221;off&#8221; gutter_width=&#8221;1&#8243; custom_padding=&#8221;||40px|&#8221; padding_mobile=&#8221;off&#8221; allow_player_pause=&#8221;off&#8221; parallax=&#8221;off&#8221; parallax_method=&#8221;on&#8221; make_equal=&#8221;off&#8221; column_padding_mobile=&#8221;on&#8221; parallax_1=&#8221;off&#8221; parallax_method_1=&#8221;on&#8221; parallax_2=&#8221;off&#8221; parallax_method_2=&#8221;on&#8221; parallax_3=&#8221;off&#8221; parallax_method_3=&#8221;on&#8221; parallax_4=&#8221;off&#8221; parallax_method_4=&#8221;on&#8221; disabled=&#8221;off&#8221;][et_pb_column type=&#8221;4_4&#8243;][et_pb_text admin_label=&#8221;Texto&#8221; background_layout=&#8221;light&#8221; text_orientation=&#8221;left&#8221; use_border_color=&#8221;off&#8221; border_style=&#8221;solid&#8221; disabled=&#8221;off&#8221;]<\/p>\n<h1 style=\"text-align: center;\">Oferim una &agrave;mplia gamma de serveis<\/h1>\n<h4 style=\"text-align: center;\">Treballem diferents tipus d&#8217;objectes i d&#8217;ambients adaptant-nos a les teves necessitats<\/h4>\n<p>[\/et_pb_text][\/et_pb_column][\/et_pb_row][et_pb_row admin_label=&#8221;row&#8221; make_fullwidth=&#8221;off&#8221; use_custom_width=&#8221;off&#8221; width_unit=&#8221;off&#8221; custom_width_px=&#8221;1080px&#8221; custom_width_percent=&#8221;80%&#8221; use_custom_gutter=&#8221;off&#8221; gutter_width=&#8221;1&#8243; custom_padding=&#8221;||20px|&#8221; padding_mobile=&#8221;off&#8221; allow_player_pause=&#8221;off&#8221; parallax=&#8221;off&#8221; parallax_method=&#8221;on&#8221; make_equal=&#8221;off&#8221; column_padding_mobile=&#8221;on&#8221; parallax_1=&#8221;off&#8221; parallax_method_1=&#8221;on&#8221; parallax_2=&#8221;off&#8221; parallax_method_2=&#8221;on&#8221; parallax_3=&#8221;off&#8221; parallax_method_3=&#8221;on&#8221; parallax_4=&#8221;off&#8221; parallax_method_4=&#8221;on&#8221; disabled=&#8221;off&#8221;][et_pb_column type=&#8221;1_4&#8243;][et_pb_image admin_label=&#8221;Imagen&#8221; src=&#8221;https:\/\/www.fetamida.cat\/wp-content\/uploads\/2016\/11\/Serviciococina-N.png&#8221; show_in_lightbox=&#8221;off&#8221; url=&#8221;https:\/\/www.fetamida.cat\/ca\/serveis\/cuines\/&#8221; url_new_window=&#8221;off&#8221; use_overlay=&#8221;off&#8221; animation=&#8221;off&#8221; sticky=&#8221;off&#8221; align=&#8221;center&#8221; force_fullwidth=&#8221;off&#8221; always_center_on_mobile=&#8221;on&#8221; use_border_color=&#8221;off&#8221; border_color=&#8221;#ffffff&#8221; border_style=&#8221;solid&#8221; custom_margin=&#8221;|10px|0px|10px&#8221; disabled=&#8221;off&#8221;]<\/p>\n<p>[\/et_pb_image][et_pb_text admin_label=&#8221;Texto&#8221; background_layout=&#8221;light&#8221; text_orientation=&#8221;center&#8221; use_border_color=&#8221;off&#8221; border_style=&#8221;solid&#8221; custom_margin=&#8221;20px|15px||15px&#8221; disabled=&#8221;off&#8221;]<\/p>\n<h2 style=\"text-align: center;\">Cuines<\/h2>\n<p style=\"text-align: center;\">La cuina \u00e9s el nostre \u00e0mbit principal. Som especialistes en cuines fetes a mida amb la m\u00e0xima qualitat.<\/p>\n<p>[\/et_pb_text][\/et_pb_column][et_pb_column type=&#8221;1_4&#8243;][et_pb_image admin_label=&#8221;Imagen&#8221; src=&#8221;https:\/\/www.fetamida.cat\/wp-content\/uploads\/2016\/11\/Serviciosnaranja.png&#8221; show_in_lightbox=&#8221;off&#8221; url=&#8221;https:\/\/www.fetamida.cat\/ca\/serveis\/armaris\/&#8221; url_new_window=&#8221;off&#8221; use_overlay=&#8221;off&#8221; animation=&#8221;off&#8221; sticky=&#8221;off&#8221; align=&#8221;center&#8221; force_fullwidth=&#8221;off&#8221; always_center_on_mobile=&#8221;on&#8221; use_border_color=&#8221;off&#8221; border_color=&#8221;#ffffff&#8221; border_style=&#8221;solid&#8221; custom_margin=&#8221;|10px|0px|10px&#8221; disabled=&#8221;off&#8221;]<\/p>\n<p>[\/et_pb_image][et_pb_text admin_label=&#8221;Texto&#8221; background_layout=&#8221;light&#8221; text_orientation=&#8221;center&#8221; use_border_color=&#8221;off&#8221; border_style=&#8221;solid&#8221; custom_margin=&#8221;20px|15px||15px&#8221; disabled=&#8221;off&#8221;]<\/p>\n<h2 style=\"text-align: center;\">Armaris<\/h2>\n<p style=\"text-align: center;\">Constru\u00efm els nostres armaris adaptats al gust del client i cuidem la seva distribuci\u00f3 interna.<\/p>\n<p>[\/et_pb_text][\/et_pb_column][et_pb_column type=&#8221;1_4&#8243;][et_pb_image admin_label=&#8221;Imagen&#8221; src=&#8221;https:\/\/www.fetamida.cat\/wp-content\/uploads\/2016\/11\/ServiciosVestidorN.png&#8221; show_in_lightbox=&#8221;off&#8221; url=&#8221;https:\/\/www.fetamida.cat\/ca\/serveis\/vestidors\/&#8221; url_new_window=&#8221;off&#8221; use_overlay=&#8221;off&#8221; animation=&#8221;off&#8221; sticky=&#8221;off&#8221; align=&#8221;center&#8221; force_fullwidth=&#8221;off&#8221; always_center_on_mobile=&#8221;on&#8221; use_border_color=&#8221;off&#8221; border_color=&#8221;#ffffff&#8221; border_style=&#8221;solid&#8221; custom_margin=&#8221;|10px|0px|10px&#8221; disabled=&#8221;off&#8221;]<\/p>\n<p>[\/et_pb_image][et_pb_text admin_label=&#8221;Texto&#8221; background_layout=&#8221;light&#8221; text_orientation=&#8221;center&#8221; use_border_color=&#8221;off&#8221; border_style=&#8221;solid&#8221; custom_margin=&#8221;20px|15px||15px&#8221; disabled=&#8221;off&#8221;]<\/p>\n<h2 style=\"text-align: center;\">Vestidors<\/h2>\n<p style=\"text-align: center;\">Creem vestidors a mida i comptem amb les millors marques per als accessoris de l&#8217;interior.<\/p>\n<p>[\/et_pb_text][\/et_pb_column][et_pb_column type=&#8221;1_4&#8243;][et_pb_image admin_label=&#8221;Imagen&#8221; src=&#8221;https:\/\/www.fetamida.cat\/wp-content\/uploads\/2016\/11\/ServiciosBa\u00f1o-N-1.png&#8221; show_in_lightbox=&#8221;off&#8221; url=&#8221;https:\/\/www.fetamida.cat\/ca\/serveis\/mobles-de-bany\/&#8221; url_new_window=&#8221;off&#8221; use_overlay=&#8221;off&#8221; animation=&#8221;off&#8221; sticky=&#8221;off&#8221; align=&#8221;center&#8221; force_fullwidth=&#8221;off&#8221; always_center_on_mobile=&#8221;on&#8221; use_border_color=&#8221;off&#8221; border_color=&#8221;#ffffff&#8221; border_style=&#8221;solid&#8221; custom_margin=&#8221;|10px|0px|10px&#8221; disabled=&#8221;off&#8221;]<\/p>\n<p>[\/et_pb_image][et_pb_text admin_label=&#8221;Texto&#8221; background_layout=&#8221;light&#8221; text_orientation=&#8221;center&#8221; use_border_color=&#8221;off&#8221; border_style=&#8221;solid&#8221; custom_margin=&#8221;20px|15px||15px&#8221; disabled=&#8221;off&#8221;]<\/p>\n<h2 style=\"text-align: center;\">Mobles de Bany<\/h2>\n<p style=\"text-align: center;\">Fabriquem els nostres mobles de bany en tauler mar\u00ed 100% resistent a l&#8217;aigua..<\/p>\n<p>[\/et_pb_text][\/et_pb_column][\/et_pb_row][et_pb_row admin_label=&#8221;row&#8221; make_fullwidth=&#8221;off&#8221; use_custom_width=&#8221;off&#8221; width_unit=&#8221;off&#8221; custom_width_px=&#8221;1080px&#8221; custom_width_percent=&#8221;80%&#8221; use_custom_gutter=&#8221;off&#8221; gutter_width=&#8221;1&#8243; custom_padding=&#8221;40px||40px|&#8221; padding_mobile=&#8221;off&#8221; allow_player_pause=&#8221;off&#8221; parallax=&#8221;off&#8221; parallax_method=&#8221;on&#8221; make_equal=&#8221;off&#8221; column_padding_mobile=&#8221;on&#8221; parallax_1=&#8221;off&#8221; parallax_method_1=&#8221;on&#8221; parallax_2=&#8221;off&#8221; parallax_method_2=&#8221;on&#8221; parallax_3=&#8221;off&#8221; parallax_method_3=&#8221;on&#8221; parallax_4=&#8221;off&#8221; parallax_method_4=&#8221;on&#8221; disabled=&#8221;off&#8221;][et_pb_column type=&#8221;1_4&#8243;][et_pb_image admin_label=&#8221;Imagen&#8221; src=&#8221;https:\/\/www.fetamida.cat\/wp-content\/uploads\/2016\/11\/Servicios-MueblesN.png&#8221; show_in_lightbox=&#8221;off&#8221; url=&#8221;https:\/\/www.fetamida.cat\/ca\/serveis\/mobles-a-mida\/&#8221; url_new_window=&#8221;off&#8221; use_overlay=&#8221;off&#8221; animation=&#8221;left&#8221; sticky=&#8221;off&#8221; align=&#8221;center&#8221; force_fullwidth=&#8221;off&#8221; always_center_on_mobile=&#8221;on&#8221; use_border_color=&#8221;off&#8221; border_color=&#8221;#ffffff&#8221; border_style=&#8221;solid&#8221; custom_margin=&#8221;|10px|0px|10px&#8221; disabled=&#8221;off&#8221;]<\/p>\n<p>[\/et_pb_image][et_pb_text admin_label=&#8221;Texto&#8221; background_layout=&#8221;light&#8221; text_orientation=&#8221;center&#8221; use_border_color=&#8221;off&#8221; border_style=&#8221;solid&#8221; custom_margin=&#8221;20px|15px||15px&#8221; disabled=&#8221;off&#8221;]<\/p>\n<h2 style=\"text-align: center;\">Mobles a Mida<\/h2>\n<p style=\"text-align: center;\">Posem a disposici\u00f3 del client moltes possibilitats per a la decoraci\u00f3 de la seva pr\u00f2pia llar.<\/p>\n<p>[\/et_pb_text][\/et_pb_column][et_pb_column type=&#8221;1_4&#8243;][et_pb_image admin_label=&#8221;Imagen&#8221; src=&#8221;https:\/\/www.fetamida.cat\/wp-content\/uploads\/2016\/11\/ServiciosPuertasN.png&#8221; show_in_lightbox=&#8221;off&#8221; url=&#8221;https:\/\/www.fetamida.cat\/ca\/serveis\/portes\/&#8221; url_new_window=&#8221;off&#8221; use_overlay=&#8221;off&#8221; animation=&#8221;left&#8221; sticky=&#8221;off&#8221; align=&#8221;center&#8221; force_fullwidth=&#8221;off&#8221; always_center_on_mobile=&#8221;on&#8221; use_border_color=&#8221;off&#8221; border_color=&#8221;#ffffff&#8221; border_style=&#8221;solid&#8221; custom_margin=&#8221;|10px|0px|10px&#8221; disabled=&#8221;off&#8221;]<\/p>\n<p>[\/et_pb_image][et_pb_text admin_label=&#8221;Texto&#8221; background_layout=&#8221;light&#8221; text_orientation=&#8221;center&#8221; use_border_color=&#8221;off&#8221; border_style=&#8221;solid&#8221; custom_margin=&#8221;20px|15px||15px&#8221; disabled=&#8221;off&#8221;]<\/p>\n<h2 style=\"text-align: center;\">Portes de Pas<\/h2>\n<p style=\"text-align: center;\">Posem a disposici\u00f3 del client una gran varietat de models amb diferents acabats.<\/p>\n<p>[\/et_pb_text][\/et_pb_column][et_pb_column type=&#8221;1_4&#8243;][et_pb_image admin_label=&#8221;Imagen&#8221; src=&#8221;https:\/\/www.fetamida.cat\/wp-content\/uploads\/2016\/11\/ServiciosPrquetN.png&#8221; show_in_lightbox=&#8221;off&#8221; url=&#8221;https:\/\/www.fetamida.cat\/ca\/serveis\/parquets\/&#8221; url_new_window=&#8221;off&#8221; use_overlay=&#8221;off&#8221; animation=&#8221;left&#8221; sticky=&#8221;off&#8221; align=&#8221;center&#8221; force_fullwidth=&#8221;off&#8221; always_center_on_mobile=&#8221;on&#8221; use_border_color=&#8221;off&#8221; border_color=&#8221;#ffffff&#8221; border_style=&#8221;solid&#8221; custom_margin=&#8221;|10px|0px|10px&#8221; disabled=&#8221;off&#8221;]<\/p>\n<p>[\/et_pb_image][et_pb_text admin_label=&#8221;Texto&#8221; background_layout=&#8221;light&#8221; text_orientation=&#8221;center&#8221; use_border_color=&#8221;off&#8221; border_style=&#8221;solid&#8221; custom_margin=&#8221;20px|15px||15px&#8221; disabled=&#8221;off&#8221;]<\/p>\n<h2 style=\"text-align: center;\">Parquets<\/h2>\n<p style=\"text-align: center;\">Disposem dels millors s\u00f2ls laminats del mercat per cobrir de forma elegant la superf\u00edcie.<\/p>\n<p>[\/et_pb_text][\/et_pb_column][et_pb_column type=&#8221;1_4&#8243;][et_pb_image admin_label=&#8221;Imagen&#8221; src=&#8221;https:\/\/www.fetamida.cat\/wp-content\/uploads\/2016\/11\/Ver-proyectos.png&#8221; show_in_lightbox=&#8221;off&#8221; url=&#8221;https:\/\/www.fetamida.cat\/ca\/projectes-realitzats\/&#8221; url_new_window=&#8221;off&#8221; use_overlay=&#8221;off&#8221; animation=&#8221;left&#8221; sticky=&#8221;off&#8221; align=&#8221;center&#8221; force_fullwidth=&#8221;off&#8221; always_center_on_mobile=&#8221;on&#8221; use_border_color=&#8221;off&#8221; border_color=&#8221;#ffffff&#8221; border_style=&#8221;solid&#8221; custom_margin=&#8221;|10px|0px|10px&#8221; disabled=&#8221;off&#8221;]<\/p>\n<p>[\/et_pb_image][et_pb_text admin_label=&#8221;Texto&#8221; background_layout=&#8221;light&#8221; text_orientation=&#8221;center&#8221; use_border_color=&#8221;off&#8221; border_style=&#8221;solid&#8221; custom_margin=&#8221;20px|15px||15px&#8221; disabled=&#8221;off&#8221;]<\/p>\n<h2 style=\"text-align: center;\">Veure Projectes<\/h2>\n<p>Galeries i fitxes dels projectes realitzats<\/p>\n<p>[\/et_pb_text][\/et_pb_column][\/et_pb_row][\/et_pb_section][et_pb_section admin_label=&#8221;section&#8221; background_image=&#8221;https:\/\/www.fetamida.cat\/wp-content\/uploads\/2016\/12\/Fondo-1600&#215;200-Solicita-presupuesto.jpg&#8221; transparent_background=&#8221;off&#8221; background_color=&#8221;#ff9728&#8243; allow_player_pause=&#8221;off&#8221; inner_shadow=&#8221;off&#8221; parallax=&#8221;off&#8221; parallax_method=&#8221;on&#8221; padding_mobile=&#8221;off&#8221; make_fullwidth=&#8221;off&#8221; use_custom_width=&#8221;off&#8221; width_unit=&#8221;off&#8221; custom_width_px=&#8221;1080px&#8221; custom_width_percent=&#8221;80%&#8221; make_equal=&#8221;off&#8221; use_custom_gutter=&#8221;off&#8221; fullwidth=&#8221;off&#8221; specialty=&#8221;off&#8221; disabled=&#8221;off&#8221;][et_pb_row admin_label=&#8221;row&#8221; make_fullwidth=&#8221;off&#8221; use_custom_width=&#8221;off&#8221; width_unit=&#8221;off&#8221; custom_width_px=&#8221;1080px&#8221; custom_width_percent=&#8221;80%&#8221; use_custom_gutter=&#8221;off&#8221; gutter_width=&#8221;1&#8243; padding_mobile=&#8221;off&#8221; allow_player_pause=&#8221;off&#8221; parallax=&#8221;off&#8221; parallax_method=&#8221;on&#8221; make_equal=&#8221;off&#8221; column_padding_mobile=&#8221;on&#8221; parallax_1=&#8221;off&#8221; parallax_method_1=&#8221;on&#8221; parallax_2=&#8221;off&#8221; parallax_method_2=&#8221;on&#8221; parallax_3=&#8221;off&#8221; parallax_method_3=&#8221;on&#8221; parallax_4=&#8221;off&#8221; parallax_method_4=&#8221;on&#8221; disabled=&#8221;off&#8221;][et_pb_column type=&#8221;4_4&#8243;][et_pb_cta admin_label=&#8221;Llamada a la acci\u00f3n&#8221; title=&#8221;Sol\u00b7licita un Pressupost Fet a mida&#8221; button_url=&#8221;https:\/\/www.fetamida.cat\/ca\/contacte\/&#8221; url_new_window=&#8221;off&#8221; button_text=&#8221;Contacta&#8217;ns&#8221; use_background_color=&#8221;on&#8221; background_color=&#8221;rgba(255,255,255,0.43)&#8221; background_layout=&#8221;light&#8221; text_orientation=&#8221;center&#8221; header_text_color=&#8221;#231f20&#8243; body_text_color=&#8221;#231f20&#8243; use_border_color=&#8221;off&#8221; border_color=&#8221;#ffffff&#8221; border_style=&#8221;solid&#8221; custom_margin=&#8221;|90px||90px&#8221; custom_padding=&#8221;|||&#8221; custom_button=&#8221;off&#8221; button_use_icon=&#8221;on&#8221; button_icon_placement=&#8221;right&#8221; button_on_hover=&#8221;on&#8221; button_letter_spacing_hover=&#8221;0&#8243; disabled=&#8221;off&#8221;]<\/p>\n<h4><strong>Pots sol\u00b7licitar un pressupost Fet a mida per a la teva llar sense comprom\u00eds.<\/strong><\/h4>\n<p>[\/et_pb_cta][\/et_pb_column][\/et_pb_row][\/et_pb_section]<\/p>\n","protected":false},"excerpt":{"rendered":"<p>Oferim una &agrave;mplia gamma de serveis Treballem diferents tipus d&#8217;objectes i d&#8217;ambients adaptant-nos a les teves necessitats Cuines La cuina \u00e9s el nostre \u00e0mbit principal. Som especialistes en cuines fetes a mida amb la m\u00e0xima qualitat. Armaris Constru\u00efm els nostres armaris adaptats al gust del client i cuidem la seva distribuci\u00f3 interna. Vestidors Creem vestidors [&hellip;]<\/p>\n","protected":false},"author":1,"featured_media":0,"parent":0,"menu_order":0,"comment_status":"closed","ping_status":"closed","template":"","meta":{"_et_pb_use_builder":"on","_et_pb_old_content":"","_et_gb_content_width":"","footnotes":""},"class_list":["post-2667","page","type-page","status-publish","hentry"],"yoast_head":"<!-- This site is optimized with the Yoast SEO plugin v26.7 - https:\/\/yoast.com\/wordpress\/plugins\/seo\/ -->\n<title>Serveis integrals de fusteria artesanal a mida - Fet a mida<\/title>\n<meta name=\"description\" content=\"Fet a mida ofereix els seus serveis de fusteria a mida per a la confecci\u00f3 de mobiliari per a cuines, armaris, mobles de bany, portes i vestidors de qualitat\" \/>\n<meta name=\"robots\" content=\"index, follow, max-snippet:-1, max-image-preview:large, max-video-preview:-1\" \/>\n<link rel=\"canonical\" href=\"https:\/\/www.fetamida.cat\/ca\/serveis\/\" \/>\n<meta property=\"og:locale\" content=\"ca_ES\" \/>\n<meta property=\"og:type\" content=\"article\" \/>\n<meta property=\"og:title\" content=\"Serveis integrals de fusteria artesanal a mida - Fet a mida\" \/>\n<meta property=\"og:description\" content=\"Fet a mida ofereix els seus serveis de fusteria a mida per a la confecci\u00f3 de mobiliari per a cuines, armaris, mobles de bany, portes i vestidors de qualitat\" \/>\n<meta property=\"og:url\" content=\"https:\/\/www.fetamida.cat\/ca\/serveis\/\" \/>\n<meta property=\"og:site_name\" content=\"Fet a mida by ADORNA\" \/>\n<meta property=\"article:publisher\" content=\"https:\/\/www.facebook.com\/fet.amida\" \/>\n<meta property=\"article:modified_time\" content=\"2017-01-18T09:01:45+00:00\" \/>\n<meta name=\"twitter:card\" content=\"summary_large_image\" \/>\n<meta name=\"twitter:label1\" content=\"Temps estimat de lectura\" \/>\n\t<meta name=\"twitter:data1\" content=\"9 minuts\" \/>\n<script type=\"application\/ld+json\" class=\"yoast-schema-graph\">{\"@context\":\"https:\/\/schema.org\",\"@graph\":[{\"@type\":\"WebPage\",\"@id\":\"https:\/\/www.fetamida.cat\/ca\/serveis\/\",\"url\":\"https:\/\/www.fetamida.cat\/ca\/serveis\/\",\"name\":\"Serveis integrals de fusteria artesanal a mida - Fet a mida\",\"isPartOf\":{\"@id\":\"https:\/\/www.fetamida.cat\/ca\/#website\"},\"datePublished\":\"2016-11-22T12:54:00+00:00\",\"dateModified\":\"2017-01-18T09:01:45+00:00\",\"description\":\"Fet a mida ofereix els seus serveis de fusteria a mida per a la confecci\u00f3 de mobiliari per a cuines, armaris, mobles de bany, portes i vestidors de qualitat\",\"breadcrumb\":{\"@id\":\"https:\/\/www.fetamida.cat\/ca\/serveis\/#breadcrumb\"},\"inLanguage\":\"ca\",\"potentialAction\":[{\"@type\":\"ReadAction\",\"target\":[\"https:\/\/www.fetamida.cat\/ca\/serveis\/\"]}]},{\"@type\":\"BreadcrumbList\",\"@id\":\"https:\/\/www.fetamida.cat\/ca\/serveis\/#breadcrumb\",\"itemListElement\":[{\"@type\":\"ListItem\",\"position\":1,\"name\":\"Portada\",\"item\":\"https:\/\/www.fetamida.cat\/ca\/\"},{\"@type\":\"ListItem\",\"position\":2,\"name\":\"Serveis\"}]},{\"@type\":\"WebSite\",\"@id\":\"https:\/\/www.fetamida.cat\/ca\/#website\",\"url\":\"https:\/\/www.fetamida.cat\/ca\/\",\"name\":\"Fet a mida by ADORNA\",\"description\":\"Mobles i cuines\",\"potentialAction\":[{\"@type\":\"SearchAction\",\"target\":{\"@type\":\"EntryPoint\",\"urlTemplate\":\"https:\/\/www.fetamida.cat\/ca\/?s={search_term_string}\"},\"query-input\":{\"@type\":\"PropertyValueSpecification\",\"valueRequired\":true,\"valueName\":\"search_term_string\"}}],\"inLanguage\":\"ca\"}]}<\/script>\n<!-- \/ Yoast SEO plugin. -->","yoast_head_json":{"title":"Serveis integrals de fusteria artesanal a mida - Fet a mida","description":"Fet a mida ofereix els seus serveis de fusteria a mida per a la confecci\u00f3 de mobiliari per a cuines, armaris, mobles de bany, portes i vestidors de qualitat","robots":{"index":"index","follow":"follow","max-snippet":"max-snippet:-1","max-image-preview":"max-image-preview:large","max-video-preview":"max-video-preview:-1"},"canonical":"https:\/\/www.fetamida.cat\/ca\/serveis\/","og_locale":"ca_ES","og_type":"article","og_title":"Serveis integrals de fusteria artesanal a mida - Fet a mida","og_description":"Fet a mida ofereix els seus serveis de fusteria a mida per a la confecci\u00f3 de mobiliari per a cuines, armaris, mobles de bany, portes i vestidors de qualitat","og_url":"https:\/\/www.fetamida.cat\/ca\/serveis\/","og_site_name":"Fet a mida by ADORNA","article_publisher":"https:\/\/www.facebook.com\/fet.amida","article_modified_time":"2017-01-18T09:01:45+00:00","twitter_card":"summary_large_image","twitter_misc":{"Temps estimat de lectura":"9 minuts"},"schema":{"@context":"https:\/\/schema.org","@graph":[{"@type":"WebPage","@id":"https:\/\/www.fetamida.cat\/ca\/serveis\/","url":"https:\/\/www.fetamida.cat\/ca\/serveis\/","name":"Serveis integrals de fusteria artesanal a mida - Fet a mida","isPartOf":{"@id":"https:\/\/www.fetamida.cat\/ca\/#website"},"datePublished":"2016-11-22T12:54:00+00:00","dateModified":"2017-01-18T09:01:45+00:00","description":"Fet a mida ofereix els seus serveis de fusteria a mida per a la confecci\u00f3 de mobiliari per a cuines, armaris, mobles de bany, portes i vestidors de qualitat","breadcrumb":{"@id":"https:\/\/www.fetamida.cat\/ca\/serveis\/#breadcrumb"},"inLanguage":"ca","potentialAction":[{"@type":"ReadAction","target":["https:\/\/www.fetamida.cat\/ca\/serveis\/"]}]},{"@type":"BreadcrumbList","@id":"https:\/\/www.fetamida.cat\/ca\/serveis\/#breadcrumb","itemListElement":[{"@type":"ListItem","position":1,"name":"Portada","item":"https:\/\/www.fetamida.cat\/ca\/"},{"@type":"ListItem","position":2,"name":"Serveis"}]},{"@type":"WebSite","@id":"https:\/\/www.fetamida.cat\/ca\/#website","url":"https:\/\/www.fetamida.cat\/ca\/","name":"Fet a mida by ADORNA","description":"Mobles i cuines","potentialAction":[{"@type":"SearchAction","target":{"@type":"EntryPoint","urlTemplate":"https:\/\/www.fetamida.cat\/ca\/?s={search_term_string}"},"query-input":{"@type":"PropertyValueSpecification","valueRequired":true,"valueName":"search_term_string"}}],"inLanguage":"ca"}]}},"_links":{"self":[{"href":"https:\/\/www.fetamida.cat\/ca\/wp-json\/wp\/v2\/pages\/2667","targetHints":{"allow":["GET"]}}],"collection":[{"href":"https:\/\/www.fetamida.cat\/ca\/wp-json\/wp\/v2\/pages"}],"about":[{"href":"https:\/\/www.fetamida.cat\/ca\/wp-json\/wp\/v2\/types\/page"}],"author":[{"embeddable":true,"href":"https:\/\/www.fetamida.cat\/ca\/wp-json\/wp\/v2\/users\/1"}],"replies":[{"embeddable":true,"href":"https:\/\/www.fetamida.cat\/ca\/wp-json\/wp\/v2\/comments?post=2667"}],"version-history":[{"count":0,"href":"https:\/\/www.fetamida.cat\/ca\/wp-json\/wp\/v2\/pages\/2667\/revisions"}],"wp:attachment":[{"href":"https:\/\/www.fetamida.cat\/ca\/wp-json\/wp\/v2\/media?parent=2667"}],"curies":[{"name":"wp","href":"https:\/\/api.w.org\/{rel}","templated":true}]}}