{"id":2687,"date":"2016-12-15T16:57:14","date_gmt":"2016-12-15T15:57:14","guid":{"rendered":"https:\/\/www.fetamida.cat\/servicios\/muebles-de-bano\/"},"modified":"2017-01-18T10:34:10","modified_gmt":"2017-01-18T09:34:10","slug":"mobles-de-bany","status":"publish","type":"page","link":"https:\/\/www.fetamida.cat\/ca\/serveis\/mobles-de-bany\/","title":{"rendered":"Mobles de Bany"},"content":{"rendered":"<p>[et_pb_section admin_label=&#8221;section&#8221; transparent_background=&#8221;off&#8221; allow_player_pause=&#8221;off&#8221; inner_shadow=&#8221;off&#8221; parallax=&#8221;off&#8221; parallax_method=&#8221;on&#8221; custom_padding=&#8221;0px|0px|0px|0px&#8221; padding_mobile=&#8221;off&#8221; make_fullwidth=&#8221;off&#8221; use_custom_width=&#8221;off&#8221; width_unit=&#8221;off&#8221; custom_width_px=&#8221;1080px&#8221; custom_width_percent=&#8221;80%&#8221; make_equal=&#8221;off&#8221; use_custom_gutter=&#8221;off&#8221; fullwidth=&#8221;on&#8221; specialty=&#8221;off&#8221; disabled=&#8221;off&#8221;][et_pb_fullwidth_slider admin_label=&#8221;Fullwidth Slider&#8221; show_arrows=&#8221;on&#8221; show_pagination=&#8221;on&#8221; auto=&#8221;on&#8221; auto_speed=&#8221;7000&#8243; auto_ignore_hover=&#8221;off&#8221; parallax=&#8221;off&#8221; parallax_method=&#8221;off&#8221; remove_inner_shadow=&#8221;off&#8221; background_position=&#8221;default&#8221; background_size=&#8221;contain&#8221; hide_content_on_mobile=&#8221;off&#8221; hide_cta_on_mobile=&#8221;off&#8221; show_image_video_mobile=&#8221;off&#8221; header_font=&#8221;PT Sans||||&#8221; header_line_height=&#8221;1.3em&#8221; body_font=&#8221;PT Sans||||&#8221; body_font_size=&#8221;14&#8243; body_line_height=&#8221;1.8em&#8221; custom_button=&#8221;off&#8221; button_text_size=&#8221;16&#8243; button_border_radius=&#8221;0&#8243; button_letter_spacing=&#8221;0&#8243; button_use_icon=&#8221;on&#8221; button_icon_placement=&#8221;right&#8221; button_on_hover=&#8221;on&#8221; button_letter_spacing_hover=&#8221;0&#8243; disabled=&#8221;off&#8221;]<\/p>\n<p>[et_pb_slide heading=&#8221;Mobles Fet a mida per al teu bany&#8221; button_text=&#8221;Sol\u00b7licitar pressupost&#8221; button_link=&#8221;#form-presu&#8221; background_image=&#8221;https:\/\/www.fetamida.cat\/wp-content\/uploads\/2016\/12\/1600x600Fondo-servicio-Ba\u00f1o.jpg&#8221; background_position=&#8221;center&#8221; background_size=&#8221;cover&#8221; background_color=&#8221;#ffffff&#8221; image=&#8221;https:\/\/www.fetamida.cat\/wp-content\/uploads\/2016\/12\/siluetas-blancasBa\u00f1o.png&#8221; use_bg_overlay=&#8221;off&#8221; use_text_overlay=&#8221;off&#8221; alignment=&#8221;center&#8221; background_layout=&#8221;dark&#8221; allow_player_pause=&#8221;off&#8221; text_border_radius=&#8221;8px&#8221; header_font=&#8221;PT Sans||||&#8221; header_font_size=&#8221;36px&#8221; header_font_size_tablet=&#8221;37px&#8221; header_font_size_phone=&#8221;37px&#8221; header_line_height=&#8221;1.7em&#8221; header_line_height_tablet=&#8221;1.7em&#8221; header_line_height_phone=&#8221;1.7em&#8221; body_font=&#8221;PT Sans||||&#8221; body_font_size=&#8221;24px&#8221; body_font_size_tablet=&#8221;19px&#8221; body_font_size_phone=&#8221;19px&#8221; body_line_height=&#8221;2.5em&#8221; body_line_height_tablet=&#8221;1em&#8221; body_line_height_phone=&#8221;1em&#8221; custom_button=&#8221;off&#8221; button_font=&#8221;||||&#8221; button_use_icon=&#8221;default&#8221; button_icon_placement=&#8221;right&#8221; button_on_hover=&#8221;on&#8221; disabled=&#8221;off&#8221;]<\/p>\n<h4>T&#8217;oferim una gran varietat d&#8217;opcions en mobiliari per dotar el teu bany d&#8217;un ambient agradable i ple de confort.<\/h4>\n<p>[\/et_pb_slide]<\/p>\n<p>[\/et_pb_fullwidth_slider][\/et_pb_section][et_pb_section admin_label=&#8221;section&#8221; transparent_background=&#8221;off&#8221; background_color=&#8221;#ffffff&#8221; allow_player_pause=&#8221;off&#8221; inner_shadow=&#8221;off&#8221; parallax=&#8221;off&#8221; parallax_method=&#8221;on&#8221; custom_padding=&#8221;40px||20px|&#8221; padding_mobile=&#8221;off&#8221; make_fullwidth=&#8221;off&#8221; use_custom_width=&#8221;off&#8221; width_unit=&#8221;off&#8221; custom_width_px=&#8221;1080px&#8221; custom_width_percent=&#8221;80%&#8221; make_equal=&#8221;off&#8221; use_custom_gutter=&#8221;off&#8221; fullwidth=&#8221;off&#8221; specialty=&#8221;off&#8221; disabled=&#8221;off&#8221;][et_pb_row admin_label=&#8221;row&#8221; make_fullwidth=&#8221;off&#8221; use_custom_width=&#8221;off&#8221; width_unit=&#8221;off&#8221; custom_width_px=&#8221;1080px&#8221; custom_width_percent=&#8221;80%&#8221; use_custom_gutter=&#8221;off&#8221; gutter_width=&#8221;1&#8243; custom_padding=&#8221;||20px|30px&#8221; padding_mobile=&#8221;off&#8221; allow_player_pause=&#8221;off&#8221; parallax=&#8221;off&#8221; parallax_method=&#8221;on&#8221; make_equal=&#8221;off&#8221; column_padding_mobile=&#8221;on&#8221; parallax_1=&#8221;off&#8221; parallax_method_1=&#8221;on&#8221; parallax_2=&#8221;off&#8221; parallax_method_2=&#8221;on&#8221; parallax_3=&#8221;off&#8221; parallax_method_3=&#8221;on&#8221; parallax_4=&#8221;off&#8221; parallax_method_4=&#8221;on&#8221; disabled=&#8221;off&#8221;][et_pb_column type=&#8221;4_4&#8243;][et_pb_text admin_label=&#8221;Texto&#8221; background_layout=&#8221;light&#8221; text_orientation=&#8221;left&#8221; use_border_color=&#8221;off&#8221; border_style=&#8221;solid&#8221; disabled=&#8221;off&#8221;]<\/p>\n<h2>Mobles de bany en taulell mar&iacute;<\/h2>\n<p>[\/et_pb_text][\/et_pb_column][\/et_pb_row][et_pb_row admin_label=&#8221;row&#8221; make_fullwidth=&#8221;off&#8221; use_custom_width=&#8221;off&#8221; width_unit=&#8221;off&#8221; custom_width_px=&#8221;1080px&#8221; custom_width_percent=&#8221;80%&#8221; use_custom_gutter=&#8221;off&#8221; gutter_width=&#8221;1&#8243; custom_padding=&#8221;0px|||&#8221; padding_mobile=&#8221;off&#8221; allow_player_pause=&#8221;off&#8221; parallax=&#8221;off&#8221; parallax_method=&#8221;on&#8221; make_equal=&#8221;off&#8221; column_padding_mobile=&#8221;on&#8221; parallax_1=&#8221;off&#8221; parallax_method_1=&#8221;on&#8221; parallax_2=&#8221;off&#8221; parallax_method_2=&#8221;on&#8221; parallax_3=&#8221;off&#8221; parallax_method_3=&#8221;on&#8221; parallax_4=&#8221;off&#8221; parallax_method_4=&#8221;on&#8221; disabled=&#8221;off&#8221;][et_pb_column type=&#8221;1_2&#8243;][et_pb_text admin_label=&#8221;Texto&#8221; background_layout=&#8221;light&#8221; text_orientation=&#8221;left&#8221; use_border_color=&#8221;off&#8221; border_style=&#8221;solid&#8221; custom_margin=&#8221;0px|30px|40px|30px&#8221; disabled=&#8221;off&#8221;]<\/p>\n<h6>Molt sovint les cambres de bany s\u00f3n fredes, i \u00e9s per aix\u00f2 que recomanem decorar-les amb materials c\u00e0lids com la fusta.<br \/>\nQualsevol disseny rectilini, minimalista o de grans dimensions el fabriquem en tauler mar\u00ed -material contraxapat 100% resistent a l&#8217;aigua-.<\/h6>\n<p>[\/et_pb_text][\/et_pb_column][et_pb_column type=&#8221;1_2&#8243;][et_pb_text admin_label=&#8221;Texto&#8221; background_layout=&#8221;light&#8221; text_orientation=&#8221;left&#8221; use_border_color=&#8221;off&#8221; border_style=&#8221;solid&#8221; custom_margin=&#8221;0px|30px|40px|30px&#8221; disabled=&#8221;off&#8221;]<\/p>\n<h6>Podem elaborar tant estructures com taulells a qualsevol gruix i, ja que \u00e9s un material apte per a tenyir, disposem d&#8217;infinitat de tons en color fusta<br \/>\nDisposem tamb\u00e9 d&#8217;altres materials com ara f\u00f2rmiques i lacats, aix\u00ed com vitrines d&#8217;alumini, vidres de color i miralls.<\/h6>\n<p>[\/et_pb_text][\/et_pb_column][\/et_pb_row][\/et_pb_section][et_pb_section admin_label=&#8221;section&#8221; transparent_background=&#8221;off&#8221; allow_player_pause=&#8221;off&#8221; inner_shadow=&#8221;off&#8221; parallax=&#8221;off&#8221; parallax_method=&#8221;on&#8221; custom_padding=&#8221;0px|||&#8221; padding_mobile=&#8221;off&#8221; make_fullwidth=&#8221;off&#8221; use_custom_width=&#8221;off&#8221; width_unit=&#8221;off&#8221; custom_width_px=&#8221;1080px&#8221; custom_width_percent=&#8221;80%&#8221; make_equal=&#8221;off&#8221; use_custom_gutter=&#8221;off&#8221; fullwidth=&#8221;on&#8221; specialty=&#8221;off&#8221; disabled=&#8221;off&#8221;][et_pb_fullwidth_portfolio admin_label=&#8221;Fullwidth Portfolio&#8221; fullwidth=&#8221;on&#8221; include_categories=&#8221;10&#8243; show_title=&#8221;on&#8221; show_date=&#8221;off&#8221; background_layout=&#8221;light&#8221; auto=&#8221;off&#8221; auto_speed=&#8221;7000&#8243; title_font_size=&#8221;30&#8243; caption_font_size=&#8221;18&#8243; use_border_color=&#8221;off&#8221; border_color=&#8221;#ffffff&#8221; border_width=&#8221;1px&#8221; border_style=&#8221;solid&#8221; disabled=&#8221;off&#8221;]<\/p>\n<p>[\/et_pb_fullwidth_portfolio][\/et_pb_section][et_pb_section admin_label=&#8221;section&#8221; transparent_background=&#8221;off&#8221; background_color=&#8221;rgba(45,37,34,0.05)&#8221; allow_player_pause=&#8221;off&#8221; inner_shadow=&#8221;off&#8221; parallax=&#8221;off&#8221; parallax_method=&#8221;on&#8221; custom_padding=&#8221;64px||60px|&#8221; padding_mobile=&#8221;off&#8221; make_fullwidth=&#8221;off&#8221; use_custom_width=&#8221;off&#8221; width_unit=&#8221;off&#8221; custom_width_px=&#8221;1080px&#8221; custom_width_percent=&#8221;80%&#8221; make_equal=&#8221;off&#8221; use_custom_gutter=&#8221;off&#8221; fullwidth=&#8221;off&#8221; specialty=&#8221;off&#8221; module_id=&#8221;form-presu&#8221; disabled=&#8221;off&#8221;][et_pb_row admin_label=&#8221;row&#8221; make_fullwidth=&#8221;off&#8221; use_custom_width=&#8221;off&#8221; width_unit=&#8221;off&#8221; custom_width_px=&#8221;1080px&#8221; custom_width_percent=&#8221;80%&#8221; use_custom_gutter=&#8221;off&#8221; gutter_width=&#8221;1&#8243; padding_mobile=&#8221;off&#8221; allow_player_pause=&#8221;off&#8221; parallax=&#8221;off&#8221; parallax_method=&#8221;on&#8221; make_equal=&#8221;off&#8221; column_padding_mobile=&#8221;on&#8221; parallax_1=&#8221;off&#8221; parallax_method_1=&#8221;on&#8221; parallax_2=&#8221;off&#8221; parallax_method_2=&#8221;on&#8221; parallax_3=&#8221;off&#8221; parallax_method_3=&#8221;on&#8221; parallax_4=&#8221;off&#8221; parallax_method_4=&#8221;on&#8221; disabled=&#8221;off&#8221;][et_pb_column type=&#8221;4_4&#8243;][et_pb_text admin_label=&#8221;Texto&#8221; background_layout=&#8221;light&#8221; text_orientation=&#8221;left&#8221; use_border_color=&#8221;off&#8221; border_style=&#8221;solid&#8221; custom_margin=&#8221;||20px|&#8221; disabled=&#8221;off&#8221;]<\/p>\n<h2><span style=\"color: #f17d00;\">Sol\u00b7licitar pressupost mobles de bany<\/span><\/h2>\n<p>[\/et_pb_text][et_pb_code admin_label=&#8221;C\u00f3digo&#8221; disabled=&#8221;off&#8221;]<div class=\"frm_forms  with_frm_style frm_style_formidable-style\" id=\"frm_form_8_container\" data-token=\"d181385d3f579f64b6d49c4ca8d6871e\">\n<form enctype=\"multipart\/form-data\" method=\"post\" class=\"frm-show-form  frm_ajax_submit  frm_pro_form \" id=\"form_zwprz22\" data-token=\"d181385d3f579f64b6d49c4ca8d6871e\">\n<div class=\"frm_form_fields \">\n<fieldset>\n<legend class=\"frm_hidden\">Presupuesto - CA<\/legend>\r\n\r\n<div class=\"frm_fields_container\">\n<input type=\"hidden\" name=\"frm_action\" value=\"create\" \/>\n<input type=\"hidden\" name=\"form_id\" value=\"8\" \/>\n<input type=\"hidden\" name=\"frm_hide_fields_8\" id=\"frm_hide_fields_8\" value=\"\" \/>\n<input type=\"hidden\" name=\"form_key\" value=\"zwprz22\" \/>\n<input type=\"hidden\" name=\"item_meta[0]\" value=\"\" \/>\n<input type=\"hidden\" id=\"frm_submit_entry_8\" name=\"frm_submit_entry_8\" value=\"62c8002b24\" \/><input type=\"hidden\" name=\"_wp_http_referer\" value=\"\/ca\/wp-json\/wp\/v2\/pages\/2687\" \/><div id=\"frm_field_79_container\" class=\"frm_form_field form-field  frm_required_field frm_none_container frm_first frm_third\">\r\n    <label for=\"field_ieb1l4\" class=\"frm_primary_label\">Nom\r\n        <span class=\"frm_required\">*<\/span>\r\n    <\/label>\r\n    <input  type=\"text\" id=\"field_ieb1l4\" name=\"item_meta[79]\" value=\"\"  placeholder=\"Nom\" data-reqmsg=\"Este campo no puede estar en blanco.\" aria-required=\"true\" data-invmsg=\"Nom is invalid\" aria-invalid=\"false\"   \/>\r\n    \r\n    \r\n<\/div>\n<div id=\"frm_field_80_container\" class=\"frm_form_field form-field  frm_required_field frm_none_container frm_third\">\r\n    <label for=\"field_jlmln4\" class=\"frm_primary_label\">Email\r\n        <span class=\"frm_required\">*<\/span>\r\n    <\/label>\r\n    <input type=\"email\" id=\"field_jlmln4\" name=\"item_meta[80]\" value=\"\"  placeholder=\"Email\" data-reqmsg=\"Este campo no puede estar en blanco.\" aria-required=\"true\" data-invmsg=\"Email no es v\u00e1lido\" aria-invalid=\"false\"  \/>\r\n    \r\n    \r\n<\/div>\n<div id=\"frm_field_81_container\" class=\"frm_form_field form-field  frm_required_field frm_none_container frm_third\">\r\n    <label for=\"field_5rqr44\" class=\"frm_primary_label\">Tel\u00e8fon\r\n        <span class=\"frm_required\">*<\/span>\r\n    <\/label>\r\n    <input type=\"tel\" id=\"field_5rqr44\" name=\"item_meta[81]\" value=\"\"  placeholder=\"Tel\u00e8fon\" data-reqmsg=\"Este campo no puede estar en blanco.\" aria-required=\"true\" data-invmsg=\"Tel\u00e9fono no es v\u00e1lido\" aria-invalid=\"false\" pattern=\"((\\+\\d{1,3}(-|.| )?\\(?\\d\\)?(-| |.)?\\d{1,5})|(\\(?\\d{2,6}\\)?))(-|.| )?(\\d{3,4})(-|.| )?(\\d{4})(( x| ext)\\d{1,5}){0,1}$\"  \/>\r\n    \r\n    \r\n<\/div>\n<div id=\"frm_field_82_container\" class=\"frm_form_field form-field  frm_required_field frm_none_container frm_full\">\r\n    <label for=\"field_87sc14\" class=\"frm_primary_label\">Missatge\r\n        <span class=\"frm_required\">*<\/span>\r\n    <\/label>\r\n    <textarea name=\"item_meta[82]\" id=\"field_87sc14\" rows=\"5\"  placeholder=\"Missatge...\" data-reqmsg=\"Este campo no puede estar en blanco.\" aria-required=\"true\" data-invmsg=\"Missatge is invalid\" aria-invalid=\"false\"  ><\/textarea>\r\n    \r\n    \r\n<\/div>\n<div id=\"frm_field_83_container\" class=\"frm_form_field form-field  frm_none_container\">\r\n    <label for=\"g-recaptcha-response\" class=\"frm_primary_label\">reCAPTCHA\r\n        <span class=\"frm_required\"><\/span>\r\n    <\/label>\r\n    <div  id=\"field_clvna4\" class=\"g-recaptcha\" data-sitekey=\"6LfFjecUAAAAAHJrhY-FoLbo2LjvQiU3xg0DUNSA\" data-size=\"invisible\" data-theme=\"light\" data-callback=\"frmAfterRecaptcha\"><\/div>\r\n    \r\n    \r\n<\/div>\n\t<input type=\"hidden\" name=\"item_key\" value=\"\" \/>\n\t\t\t<div id=\"frm_field_99_container\">\n\t\t\t<label for=\"field_tj05n\" >\n\t\t\t\tIf you are human, leave this field blank.\t\t\t<\/label>\n\t\t\t<input  id=\"field_tj05n\" type=\"text\" class=\"frm_form_field form-field frm_verify\" name=\"item_meta[99]\" value=\"\"  \/>\n\t\t<\/div>\n\t\t<input name=\"frm_state\" type=\"hidden\" value=\"tYhiqla30qIi\/H5d3f6JF51b\/5F+NtiKfVBTHEU17HzE\/3K\/PhROs8KIhUcRKlLO\" \/><div class=\"frm_submit\">\r\n\r\n<input type=\"submit\" value=\"Enviar\"  class=\"frm_final_submit\" formnovalidate=\"formnovalidate\" \/>\r\n<img decoding=\"async\" class=\"frm_ajax_loading\" src=\"https:\/\/www.fetamida.cat\/wp-content\/plugins\/formidable\/images\/ajax_loader.gif\" alt=\"Enviando\"\/>\r\n\r\n<\/div><\/div>\n<\/fieldset>\n<\/div>\n\n<\/form>\n<\/div>\n[\/et_pb_code][\/et_pb_column][\/et_pb_row][\/et_pb_section][et_pb_section admin_label=&#8221;section&#8221; background_image=&#8221;https:\/\/www.fetamida.cat\/wp-content\/uploads\/2016\/12\/1600&#215;200-Fondo-solicitar-presupuesto.jpg&#8221; transparent_background=&#8221;off&#8221; background_color=&#8221;#27c8b8&#8243; allow_player_pause=&#8221;off&#8221; inner_shadow=&#8221;off&#8221; parallax=&#8221;off&#8221; parallax_method=&#8221;on&#8221; padding_mobile=&#8221;off&#8221; make_fullwidth=&#8221;off&#8221; use_custom_width=&#8221;off&#8221; width_unit=&#8221;off&#8221; custom_width_px=&#8221;1080px&#8221; custom_width_percent=&#8221;80%&#8221; make_equal=&#8221;off&#8221; use_custom_gutter=&#8221;off&#8221; fullwidth=&#8221;off&#8221; specialty=&#8221;off&#8221; disabled=&#8221;off&#8221;][et_pb_row admin_label=&#8221;row&#8221; make_fullwidth=&#8221;off&#8221; use_custom_width=&#8221;off&#8221; width_unit=&#8221;off&#8221; custom_width_px=&#8221;1080px&#8221; custom_width_percent=&#8221;80%&#8221; use_custom_gutter=&#8221;off&#8221; gutter_width=&#8221;1&#8243; padding_mobile=&#8221;off&#8221; allow_player_pause=&#8221;off&#8221; parallax=&#8221;off&#8221; parallax_method=&#8221;on&#8221; make_equal=&#8221;off&#8221; column_padding_mobile=&#8221;on&#8221; parallax_1=&#8221;off&#8221; parallax_method_1=&#8221;on&#8221; parallax_2=&#8221;off&#8221; parallax_method_2=&#8221;on&#8221; parallax_3=&#8221;off&#8221; parallax_method_3=&#8221;on&#8221; parallax_4=&#8221;off&#8221; parallax_method_4=&#8221;on&#8221; disabled=&#8221;off&#8221;][et_pb_column type=&#8221;4_4&#8243;][et_pb_cta admin_label=&#8221;Call To Action&#8221; title=&#8221;Descobreix els nostres serveis&#8221; button_url=&#8221;https:\/\/www.fetamida.cat\/ca\/serveis\/&#8221; url_new_window=&#8221;off&#8221; button_text=&#8221;Veure m\u00e9s&#8221; use_background_color=&#8221;off&#8221; background_color=&#8221;#2caaca&#8221; background_layout=&#8221;dark&#8221; text_orientation=&#8221;center&#8221; use_border_color=&#8221;off&#8221; border_color=&#8221;#ffffff&#8221; border_style=&#8221;solid&#8221; custom_button=&#8221;off&#8221; button_use_icon=&#8221;on&#8221; button_icon_placement=&#8221;right&#8221; button_on_hover=&#8221;on&#8221; button_letter_spacing_hover=&#8221;0&#8243; disabled=&#8221;off&#8221;]<\/p>\n<h4>Fabriquem peces per a moltes llars diferents i creem peces Fet a mida per a les necessitats de cada client.<\/h4>\n<p>[\/et_pb_cta][\/et_pb_column][\/et_pb_row][\/et_pb_section]<\/p>\n","protected":false},"excerpt":{"rendered":"<p>T&#8217;oferim una gran varietat d&#8217;opcions en mobiliari per dotar el teu bany d&#8217;un ambient agradable i ple de confort. Mobles de bany en taulell mar&iacute; Molt sovint les cambres de bany s\u00f3n fredes, i \u00e9s per aix\u00f2 que recomanem decorar-les amb materials c\u00e0lids com la fusta. Qualsevol disseny rectilini, minimalista o de grans dimensions el [&hellip;]<\/p>\n","protected":false},"author":1,"featured_media":1978,"parent":2667,"menu_order":0,"comment_status":"closed","ping_status":"closed","template":"","meta":{"_et_pb_use_builder":"on","_et_pb_old_content":"","_et_gb_content_width":"","footnotes":""},"class_list":["post-2687","page","type-page","status-publish","has-post-thumbnail","hentry"],"yoast_head":"<!-- This site is optimized with the Yoast SEO plugin v26.7 - https:\/\/yoast.com\/wordpress\/plugins\/seo\/ -->\n<title>Mobles de bany d&#039;elaboraci\u00f3 artesanal per a la llar - Fet a mida<\/title>\n<meta name=\"description\" content=\"A Fet a mida t&#039;oferim un gran ventall d&#039;opcions per decorar el teu bany amb mobles fets a mida, totalment resistens a l&#039;aigua i del disseny que tu tri\u00efs.\" \/>\n<meta name=\"robots\" content=\"index, follow, max-snippet:-1, max-image-preview:large, max-video-preview:-1\" \/>\n<link rel=\"canonical\" href=\"https:\/\/www.fetamida.cat\/ca\/serveis\/mobles-de-bany\/\" \/>\n<meta property=\"og:locale\" content=\"ca_ES\" \/>\n<meta property=\"og:type\" content=\"article\" \/>\n<meta property=\"og:title\" content=\"Mobles de bany d&#039;elaboraci\u00f3 artesanal per a la llar - Fet a mida\" \/>\n<meta property=\"og:description\" content=\"A Fet a mida t&#039;oferim un gran ventall d&#039;opcions per decorar el teu bany amb mobles fets a mida, totalment resistens a l&#039;aigua i del disseny que tu tri\u00efs.\" \/>\n<meta property=\"og:url\" content=\"https:\/\/www.fetamida.cat\/ca\/serveis\/mobles-de-bany\/\" \/>\n<meta property=\"og:site_name\" content=\"Fet a mida by ADORNA\" \/>\n<meta property=\"article:publisher\" content=\"https:\/\/www.facebook.com\/fet.amida\" \/>\n<meta property=\"article:modified_time\" content=\"2017-01-18T09:34:10+00:00\" \/>\n<meta property=\"og:image\" content=\"https:\/\/www.fetamida.cat\/wp-content\/uploads\/2016\/12\/Imagen-destacada-Proyecto-800x600Ba\u00f1o.jpg\" \/>\n\t<meta property=\"og:image:width\" content=\"800\" \/>\n\t<meta property=\"og:image:height\" content=\"600\" \/>\n\t<meta property=\"og:image:type\" content=\"image\/jpeg\" \/>\n<meta name=\"twitter:card\" content=\"summary_large_image\" \/>\n<meta name=\"twitter:label1\" content=\"Temps estimat de lectura\" \/>\n\t<meta name=\"twitter:data1\" content=\"7 minuts\" \/>\n<script type=\"application\/ld+json\" class=\"yoast-schema-graph\">{\"@context\":\"https:\/\/schema.org\",\"@graph\":[{\"@type\":\"WebPage\",\"@id\":\"https:\/\/www.fetamida.cat\/ca\/serveis\/mobles-de-bany\/\",\"url\":\"https:\/\/www.fetamida.cat\/ca\/serveis\/mobles-de-bany\/\",\"name\":\"Mobles de bany d'elaboraci\u00f3 artesanal per a la llar - Fet a mida\",\"isPartOf\":{\"@id\":\"https:\/\/www.fetamida.cat\/ca\/#website\"},\"primaryImageOfPage\":{\"@id\":\"https:\/\/www.fetamida.cat\/ca\/serveis\/mobles-de-bany\/#primaryimage\"},\"image\":{\"@id\":\"https:\/\/www.fetamida.cat\/ca\/serveis\/mobles-de-bany\/#primaryimage\"},\"thumbnailUrl\":\"https:\/\/www.fetamida.cat\/wp-content\/uploads\/2016\/12\/Imagen-destacada-Proyecto-800x600Ba\u00f1o.jpg\",\"datePublished\":\"2016-12-15T15:57:14+00:00\",\"dateModified\":\"2017-01-18T09:34:10+00:00\",\"description\":\"A Fet a mida t'oferim un gran ventall d'opcions per decorar el teu bany amb mobles fets a mida, totalment resistens a l'aigua i del disseny que tu tri\u00efs.\",\"breadcrumb\":{\"@id\":\"https:\/\/www.fetamida.cat\/ca\/serveis\/mobles-de-bany\/#breadcrumb\"},\"inLanguage\":\"ca\",\"potentialAction\":[{\"@type\":\"ReadAction\",\"target\":[\"https:\/\/www.fetamida.cat\/ca\/serveis\/mobles-de-bany\/\"]}]},{\"@type\":\"ImageObject\",\"inLanguage\":\"ca\",\"@id\":\"https:\/\/www.fetamida.cat\/ca\/serveis\/mobles-de-bany\/#primaryimage\",\"url\":\"https:\/\/www.fetamida.cat\/wp-content\/uploads\/2016\/12\/Imagen-destacada-Proyecto-800x600Ba\u00f1o.jpg\",\"contentUrl\":\"https:\/\/www.fetamida.cat\/wp-content\/uploads\/2016\/12\/Imagen-destacada-Proyecto-800x600Ba\u00f1o.jpg\",\"width\":800,\"height\":600},{\"@type\":\"BreadcrumbList\",\"@id\":\"https:\/\/www.fetamida.cat\/ca\/serveis\/mobles-de-bany\/#breadcrumb\",\"itemListElement\":[{\"@type\":\"ListItem\",\"position\":1,\"name\":\"Portada\",\"item\":\"https:\/\/www.fetamida.cat\/ca\/\"},{\"@type\":\"ListItem\",\"position\":2,\"name\":\"Serveis\",\"item\":\"https:\/\/www.fetamida.cat\/ca\/serveis\/\"},{\"@type\":\"ListItem\",\"position\":3,\"name\":\"Mobles de Bany\"}]},{\"@type\":\"WebSite\",\"@id\":\"https:\/\/www.fetamida.cat\/ca\/#website\",\"url\":\"https:\/\/www.fetamida.cat\/ca\/\",\"name\":\"Fet a mida by ADORNA\",\"description\":\"Mobles i cuines\",\"potentialAction\":[{\"@type\":\"SearchAction\",\"target\":{\"@type\":\"EntryPoint\",\"urlTemplate\":\"https:\/\/www.fetamida.cat\/ca\/?s={search_term_string}\"},\"query-input\":{\"@type\":\"PropertyValueSpecification\",\"valueRequired\":true,\"valueName\":\"search_term_string\"}}],\"inLanguage\":\"ca\"}]}<\/script>\n<!-- \/ Yoast SEO plugin. -->","yoast_head_json":{"title":"Mobles de bany d'elaboraci\u00f3 artesanal per a la llar - Fet a mida","description":"A Fet a mida t'oferim un gran ventall d'opcions per decorar el teu bany amb mobles fets a mida, totalment resistens a l'aigua i del disseny que tu tri\u00efs.","robots":{"index":"index","follow":"follow","max-snippet":"max-snippet:-1","max-image-preview":"max-image-preview:large","max-video-preview":"max-video-preview:-1"},"canonical":"https:\/\/www.fetamida.cat\/ca\/serveis\/mobles-de-bany\/","og_locale":"ca_ES","og_type":"article","og_title":"Mobles de bany d'elaboraci\u00f3 artesanal per a la llar - Fet a mida","og_description":"A Fet a mida t'oferim un gran ventall d'opcions per decorar el teu bany amb mobles fets a mida, totalment resistens a l'aigua i del disseny que tu tri\u00efs.","og_url":"https:\/\/www.fetamida.cat\/ca\/serveis\/mobles-de-bany\/","og_site_name":"Fet a mida by ADORNA","article_publisher":"https:\/\/www.facebook.com\/fet.amida","article_modified_time":"2017-01-18T09:34:10+00:00","og_image":[{"width":800,"height":600,"url":"https:\/\/www.fetamida.cat\/wp-content\/uploads\/2016\/12\/Imagen-destacada-Proyecto-800x600Ba\u00f1o.jpg","type":"image\/jpeg"}],"twitter_card":"summary_large_image","twitter_misc":{"Temps estimat de lectura":"7 minuts"},"schema":{"@context":"https:\/\/schema.org","@graph":[{"@type":"WebPage","@id":"https:\/\/www.fetamida.cat\/ca\/serveis\/mobles-de-bany\/","url":"https:\/\/www.fetamida.cat\/ca\/serveis\/mobles-de-bany\/","name":"Mobles de bany d'elaboraci\u00f3 artesanal per a la llar - Fet a mida","isPartOf":{"@id":"https:\/\/www.fetamida.cat\/ca\/#website"},"primaryImageOfPage":{"@id":"https:\/\/www.fetamida.cat\/ca\/serveis\/mobles-de-bany\/#primaryimage"},"image":{"@id":"https:\/\/www.fetamida.cat\/ca\/serveis\/mobles-de-bany\/#primaryimage"},"thumbnailUrl":"https:\/\/www.fetamida.cat\/wp-content\/uploads\/2016\/12\/Imagen-destacada-Proyecto-800x600Ba\u00f1o.jpg","datePublished":"2016-12-15T15:57:14+00:00","dateModified":"2017-01-18T09:34:10+00:00","description":"A Fet a mida t'oferim un gran ventall d'opcions per decorar el teu bany amb mobles fets a mida, totalment resistens a l'aigua i del disseny que tu tri\u00efs.","breadcrumb":{"@id":"https:\/\/www.fetamida.cat\/ca\/serveis\/mobles-de-bany\/#breadcrumb"},"inLanguage":"ca","potentialAction":[{"@type":"ReadAction","target":["https:\/\/www.fetamida.cat\/ca\/serveis\/mobles-de-bany\/"]}]},{"@type":"ImageObject","inLanguage":"ca","@id":"https:\/\/www.fetamida.cat\/ca\/serveis\/mobles-de-bany\/#primaryimage","url":"https:\/\/www.fetamida.cat\/wp-content\/uploads\/2016\/12\/Imagen-destacada-Proyecto-800x600Ba\u00f1o.jpg","contentUrl":"https:\/\/www.fetamida.cat\/wp-content\/uploads\/2016\/12\/Imagen-destacada-Proyecto-800x600Ba\u00f1o.jpg","width":800,"height":600},{"@type":"BreadcrumbList","@id":"https:\/\/www.fetamida.cat\/ca\/serveis\/mobles-de-bany\/#breadcrumb","itemListElement":[{"@type":"ListItem","position":1,"name":"Portada","item":"https:\/\/www.fetamida.cat\/ca\/"},{"@type":"ListItem","position":2,"name":"Serveis","item":"https:\/\/www.fetamida.cat\/ca\/serveis\/"},{"@type":"ListItem","position":3,"name":"Mobles de Bany"}]},{"@type":"WebSite","@id":"https:\/\/www.fetamida.cat\/ca\/#website","url":"https:\/\/www.fetamida.cat\/ca\/","name":"Fet a mida by ADORNA","description":"Mobles i cuines","potentialAction":[{"@type":"SearchAction","target":{"@type":"EntryPoint","urlTemplate":"https:\/\/www.fetamida.cat\/ca\/?s={search_term_string}"},"query-input":{"@type":"PropertyValueSpecification","valueRequired":true,"valueName":"search_term_string"}}],"inLanguage":"ca"}]}},"_links":{"self":[{"href":"https:\/\/www.fetamida.cat\/ca\/wp-json\/wp\/v2\/pages\/2687","targetHints":{"allow":["GET"]}}],"collection":[{"href":"https:\/\/www.fetamida.cat\/ca\/wp-json\/wp\/v2\/pages"}],"about":[{"href":"https:\/\/www.fetamida.cat\/ca\/wp-json\/wp\/v2\/types\/page"}],"author":[{"embeddable":true,"href":"https:\/\/www.fetamida.cat\/ca\/wp-json\/wp\/v2\/users\/1"}],"replies":[{"embeddable":true,"href":"https:\/\/www.fetamida.cat\/ca\/wp-json\/wp\/v2\/comments?post=2687"}],"version-history":[{"count":0,"href":"https:\/\/www.fetamida.cat\/ca\/wp-json\/wp\/v2\/pages\/2687\/revisions"}],"up":[{"embeddable":true,"href":"https:\/\/www.fetamida.cat\/ca\/wp-json\/wp\/v2\/pages\/2667"}],"wp:featuredmedia":[{"embeddable":true,"href":"https:\/\/www.fetamida.cat\/ca\/wp-json\/wp\/v2\/media\/1978"}],"wp:attachment":[{"href":"https:\/\/www.fetamida.cat\/ca\/wp-json\/wp\/v2\/media?parent=2687"}],"curies":[{"name":"wp","href":"https:\/\/api.w.org\/{rel}","templated":true}]}}